{"id":138,"date":"2024-06-24T14:19:37","date_gmt":"2024-06-24T14:19:37","guid":{"rendered":"https:\/\/flowtrecs.pl\/strona\/?page_id=138"},"modified":"2024-07-03T18:30:02","modified_gmt":"2024-07-03T18:30:02","slug":"flowtrecs-mini","status":"publish","type":"page","link":"https:\/\/flowtrecs.pl\/strona\/?page_id=138","title":{"rendered":"Flowtrecs Mini"},"content":{"rendered":"\t\t<div data-elementor-type=\"wp-page\" data-elementor-id=\"138\" class=\"elementor elementor-138\">\n\t\t\t\t<div class=\"elementor-element elementor-element-608fff73 e-grid e-con-boxed e-con e-parent\" data-id=\"608fff73\" data-element_type=\"container\">\n\t\t\t\t\t<div class=\"e-con-inner\">\n\t\t\t\t<div class=\"elementor-element elementor-element-2322ebbe elementor-widget elementor-widget-text-editor\" data-id=\"2322ebbe\" data-element_type=\"widget\" data-widget_type=\"text-editor.default\">\n\t\t\t\t<div class=\"elementor-widget-container\">\n\t\t\t\t\t\t\t<p><!-- wp:shortcode --><br \/><div class=\"flexslider ewic-slider-lite is_on_\" id=\"ewic-con-10569e554742ae6d\"><style>#ewic-con-10569e554742ae6d .flex-direction-nav .flex-next, #ewic-con-10569e554742ae6d .flex-direction-nav .flex-prev {opacity: 1;} #ewic-con-10569e554742ae6d .flex-direction-nav .flex-next {right: 10px !important; text-align: right !important;} #ewic-con-10569e554742ae6d .flex-direction-nav .flex-prev {left: 10px !important;}<\/style><div id=\"preloader-10569e554742ae6d\" class=\"sliderpreloader\"><\/div><ul style=\"display:none;\" class=\"slides flexslider-10569e554742ae6d\"><li class=\"ewic-slider\"><a href=\"https:\/\/flowtrecs.pl\/strona\/wp-content\/uploads\/2024\/06\/Mini-RPM.43.webp\"  rel=\"ewicprettyPhoto[10569e554742ae6d]\"><img decoding=\"async\"  class=\"ewic-wid-imgs\" src=\"https:\/\/flowtrecs.pl\/strona\/wp-content\/uploads\/2024\/06\/Mini-RPM.43.webp\" \/><p class=\"flex-caption\"><\/p><\/a><\/li><li class=\"ewic-slider\"><a href=\"https:\/\/flowtrecs.pl\/strona\/wp-content\/uploads\/2024\/06\/Mini-TIME.37.webp\"  rel=\"ewicprettyPhoto[10569e554742ae6d]\"><img decoding=\"async\"  class=\"ewic-wid-imgs\" src=\"https:\/\/flowtrecs.pl\/strona\/wp-content\/uploads\/2024\/06\/Mini-TIME.37.webp\" \/><p class=\"flex-caption\"><\/p><\/a><\/li><li class=\"ewic-slider\"><a href=\"https:\/\/flowtrecs.pl\/strona\/wp-content\/uploads\/2024\/06\/Mini_set.webp\"  rel=\"ewicprettyPhoto[10569e554742ae6d]\"><img decoding=\"async\"  class=\"ewic-wid-imgs\" src=\"https:\/\/flowtrecs.pl\/strona\/wp-content\/uploads\/2024\/06\/Mini_set.webp\" \/><p class=\"flex-caption\"><\/p><\/a><\/li><li class=\"ewic-slider\"><a href=\"https:\/\/flowtrecs.pl\/strona\/wp-content\/uploads\/2024\/06\/mini5crop.webp\"  rel=\"ewicprettyPhoto[10569e554742ae6d]\"><img decoding=\"async\"  class=\"ewic-wid-imgs\" src=\"https:\/\/flowtrecs.pl\/strona\/wp-content\/uploads\/2024\/06\/mini5crop.webp\" \/><p class=\"flex-caption\"><\/p><\/a><\/li><\/ul><script type=\"text\/javascript\">\r\n\tjQuery(document).ready(function($) {\r\n\r\n\t\t$(\"#preloader-10569e554742ae6d\").fadeOut(500, function () {\r\n\r\n\t\t\t$(\"#ewic-con-10569e554742ae6d\").addClass(\"ready_to_show\");\r\n\r\n\t\t\t$(\"a[rel^='ewicprettyPhoto[10569e554742ae6d]']\").ewcPhoto({\r\n\t\t\t\ttheme: \"ewc_default\",\r\n\t\t\t\tallow_expand: false,\r\n\t\t\t\tdeeplinking: false,\r\n\t\t\t\tslideshow:5000,\r\n\t\t\t\tautoplay_slideshow:true,\r\n\t\t\t\tsocial_tools:false\r\n\t\t\t});\r\n\r\n\t\t\t$(\".flexslider-10569e554742ae6d\").fadeIn(300);\r\n\r\n\t\t\t$(\"#ewic-con-10569e554742ae6d\").flexslider({\r\n\t\t\t\tanimation: \"slide\",\r\n\t\t\t\tanimationSpeed: 0,\r\n\t\t\t\tuseCSS: false,\r\n\t\t\t\teasing: \"easeInQuad\",\r\n\t\t\t\tdirection: \"horizontal\",\r\n\t\t\t\tslideshow: true,\r\n\t\t\t\tsmoothHeight: true,\r\n\t\t\t\tpauseOnHover: true,\r\n\t\t\t\tcontrolNav: false,\r\n\t\t\t\tprevText: \"\",\r\n\t\t\t\tnextText: \"\",\r\n\t\t\t\trtl: false,\r\n\t\t\t\tslideshowSpeed: 5000,\r\n\t\t\t\tstart: function(slider){\r\n\t\t\t\t\t$(\"#ewic-con-10569e554742ae6d\").find(\".flex-caption\").hide();\r\n\t\t\t\t\tvar curSlide = slider.find(\"li.flex-active-slide\");\r\n\t\t\t\t\t$(curSlide).find(\".flex-caption\").slideDown();\r\n\t\t\t\t},\r\n\t\t\t\tbefore: function(slider) {\r\n\t\t\t\t\t$(\"#ewic-con-10569e554742ae6d\").find(\".flex-caption\").slideUp();\r\n\t\t\t\t},\r\n\t\t\t\tafter: function(slider) {\r\n\t\t\t\t\tvar curSlide = slider.find(\"li.flex-active-slide\");\r\n\t\t\t\t\t$(curSlide).find(\".flex-caption\").slideDown();\r\n\t\t\t\t}\r\n\r\n\t\t\t});\r\n\r\n\t\t});\r\n\r\n\t});\r\n<\/script><\/div>\r\n<br \/><!-- \/wp:shortcode --><\/p>\n<p><!-- wp:heading {\"level\":4} --><\/p>\n<h4 class=\"wp-block-heading\"><strong style=\"color: inherit; text-align: var(--text-align);\">\u00a0<\/strong><\/h4>\n<p><!-- \/wp:heading --><\/p>\n<p><!-- wp:heading --><\/p>\n<h2 class=\"wp-block-heading\">\u00a0<\/h2>\n<p><!-- \/wp:paragraph --><\/p>\t\t\t\t\t\t<\/div>\n\t\t\t\t<\/div>\n\t\t\t\t<div class=\"elementor-element elementor-element-5b79427 elementor-widget elementor-widget-text-editor\" data-id=\"5b79427\" data-element_type=\"widget\" data-widget_type=\"text-editor.default\">\n\t\t\t\t<div class=\"elementor-widget-container\">\n\t\t\t\t\t\t\t<h4 class=\"wp-block-heading\"><strong><br \/><\/strong><strong>Sensor przep\u0142ywu w zestawie<br \/><\/strong><strong>Wbudowany modu\u0142 GPS<br \/><\/strong><strong>Wodoszczelna obudowa (IP64)<br \/><\/strong><strong>Pod\u015bwietlenie ekranu\u00a0<br \/><\/strong><strong>Wersja dla 1 silnika (bez powrotu paliwa)<\/strong><\/h4>\t\t\t\t\t\t<\/div>\n\t\t\t\t<\/div>\n\t\t\t\t\t<\/div>\n\t\t\t\t<\/div>\n\t\t<div class=\"elementor-element elementor-element-eca67e6 e-flex e-con-boxed e-con e-parent\" data-id=\"eca67e6\" data-element_type=\"container\">\n\t\t\t\t\t<div class=\"e-con-inner\">\n\t\t\t\t<div class=\"elementor-element elementor-element-22c2719 elementor-widget elementor-widget-text-editor\" data-id=\"22c2719\" data-element_type=\"widget\" data-widget_type=\"text-editor.default\">\n\t\t\t\t<div class=\"elementor-widget-container\">\n\t\t\t\t\t\t\t<h2 class=\"wp-block-heading\"><strong>Wielofunkcyjny wska\u017anik zu\u017cycia paliwa<\/strong><\/h2>\n<p>\u00a0<\/p>\n<p>\u00a0 \u00a0Wielofunkcyjny miernik i elektroniczny wska\u017anik poziomu paliwa Flowtrecs Inox to niezb\u0119dne urz\u0105dzenia dla \u0142odzi o nap\u0119dzie mechanicznym, zaprojektowane w celu optymalizacji zarz\u0105dzania paliwem poprzez przetwarzanie i wy\u015bwietlanie krytycznych danych silnika i ruchu. Posiada wodoodporn\u0105 obudow\u0119 (IP64) i prost\u0105 obs\u0142ug\u0119 za pomoc\u0105 dw\u00f3ch przycisk\u00f3w, dzi\u0119ki czemu idealnie nadaje si\u0119 do otwartych lub zamkni\u0119tych \u0142odzi, katamaran\u00f3w i RIB\u00f3w. Wbudowany modu\u0142 GPS i czujnik przep\u0142ywu paliwa stanowi\u0105 kompleksowe rozwi\u0105zanie dla ma\u0142ych \u0142odzi o mocy silnika od 20 do 500 KM. Ciesz si\u0119 \u0142atw\u0105 instalacj\u0105 i doskona\u0142ym stosunkiem funkcji do ceny dzi\u0119ki Flowtrecs Inox.<\/p>\n<p><strong>Dost\u0119pne funkcje:<\/strong><\/p>\n<p>1. Zu\u017cycie paliwa w \u00a0l\/h<br \/>2. Ca\u0142kowite zu\u017cycie paliwa w litrach<br \/>3. Wska\u017anik ekonomiki zu\u017cycia paliwa \u00a0(ilo\u015b\u0107 km na 1 l paliwa)\u00a0<br \/>4. Ilo\u015b\u0107 paliwa \u00a0(pozosta\u0142a w zbiorniku)\u00a0<br \/>5. Obrotomierz\u00a0<strong>(Uwaga! Prosz\u0119 przeczyta\u0107 opcjonalne akcesoria)<\/strong><br \/>6. Pr\u0119dko\u015b\u0107\u00a0<br \/>7. Napi\u0119cie \u00a0<br \/>8. Czas\u00a0<br \/>9. Odleg\u0142o\u015b\u0107 \u00a0\u00a0<br \/>10. Auto OFF (wy\u0142\u0105czenie)\u00a0<br \/>11.\u00a0Pod\u015bwietlenie<br \/>12.\u00a0Licznik motogodzin<\/p>\n<p><strong>Akcesoria opcjonalne (prosz\u0119 przeczyta\u0107, je\u015bli chcesz korzysta\u0107 z obrotomierza RPM)<\/strong><\/p>\n<p>W przypadku silnik\u00f3w ga\u017anik\u00f3w (stacjonarnych i zaburtowych) konieczne jest zastosowanie ogranicznika\u00a0impuls\u00f3w ze wzgl\u0119du na ich nadmiern\u0105 amplitud\u0119. Je\u015bli masz silnik wtryskowy, nie potrzebujesz ogranicznika impuls\u00f3w. Ogranicznik\u00a0impuls\u00f3w jest dost\u0119pny w 2 wersjach:\u00a0<a href=\"https:\/\/www.sklep.flowtrecs.com\/glowna\/6-ogranicznik-impulsow-.html\" target=\"_blank\" rel=\"noreferrer noopener\">dla silnik\u00f3w stacjonarnych<\/a>\u00a0i\u00a0<a href=\"https:\/\/www.sklep.flowtrecs.com\/glowna\/14-ogranicznik-impulsow-.html\" target=\"_blank\" rel=\"noreferrer noopener\">dla silnik\u00f3w zaburtowych<\/a>.<\/p>\n<p><strong>Elementy sk\u0142adowe:<\/strong><\/p>\n<p>1. Wy\u015bwietlacz LCD\u00a0 2&#8243;<br \/>2. Z\u0142\u0105cze kablowe<br \/>3. Sensor przep\u0142ywu FS-40<br \/>4. Przed\u0142u\u017cacz Jack 5mb<br \/>5. Instrukcja obs\u0142ugi<br \/>6. Opaski zaciskowe<\/p>\n<p><strong>Uwaga &#8211; produkt wyst\u0119puje w kilku wersjach r\u00f3\u017cni\u0105cych si\u0119 rodzajem zastosowanego czujnika przep\u0142ywu:<\/strong><\/p>\n<p>S dla silnik\u00f3w 20 &#8211; 60 KM (0,5 &#8211; 20 l\/h) (\u015brednica dyszy 1,2 mm)<\/p>\n<p>M dla silnik\u00f3w 60 &#8211; 130 KM (1 &#8211; 40 l\/h) (\u015brednica dyszy 2 mm)<\/p>\n<p>L dla silnik\u00f3w 130 &#8211; 250 KM (1,5 &#8211; 90 l\/h) (\u015brednica dyszy 3 mm)<\/p>\n<p>XL do silnik\u00f3w 250 &#8211; 300 KM (2 &#8211; 120 l\/h) (\u015brednica dyszy 4 mm)<\/p>\n<p>XXL dla silnik\u00f3w 300 &#8211; 350 KM (3 &#8211; 180 l\/h) (\u015brednica dyszy 4,5 mm)<\/p>\n<p>3XL do silnik\u00f3w 350 KM i wi\u0119cej (5 &#8211; 300 l\/h) (\u015brednica dyszy 6 mm)<\/p>\n<p><strong>Pozwala uzyska\u0107 istotne oszcz\u0119dno\u015bci na paliwie!<\/strong><\/p>\n<p><strong>Po zakupie prosimy o podanie silnika, dopasujemy dla Pa\u0144stwa najlepszy sensor.<\/strong><\/p>\t\t\t\t\t\t<\/div>\n\t\t\t\t<\/div>\n\t\t\t\t\t<\/div>\n\t\t\t\t<\/div>\n\t\t\t\t<\/div>\n\t\t","protected":false},"excerpt":{"rendered":"<p>\u00a0 \u00a0 Sensor przep\u0142ywu w zestawieWbudowany modu\u0142 GPSWodoszczelna obudowa (IP64)Pod\u015bwietlenie ekranu\u00a0Wersja dla 1 silnika (bez powrotu paliwa) Wielofunkcyjny wska\u017anik zu\u017cycia paliwa \u00a0 \u00a0 \u00a0Wielofunkcyjny miernik i elektroniczny wska\u017anik poziomu paliwa Flowtrecs Inox to niezb\u0119dne urz\u0105dzenia dla \u0142odzi o nap\u0119dzie mechanicznym, zaprojektowane w celu optymalizacji zarz\u0105dzania paliwem poprzez przetwarzanie i wy\u015bwietlanie krytycznych danych silnika i ruchu. [&hellip;]<\/p>\n","protected":false},"author":1,"featured_media":0,"parent":0,"menu_order":0,"comment_status":"closed","ping_status":"closed","template":"","meta":{"footnotes":""},"_links":{"self":[{"href":"https:\/\/flowtrecs.pl\/strona\/index.php?rest_route=\/wp\/v2\/pages\/138"}],"collection":[{"href":"https:\/\/flowtrecs.pl\/strona\/index.php?rest_route=\/wp\/v2\/pages"}],"about":[{"href":"https:\/\/flowtrecs.pl\/strona\/index.php?rest_route=\/wp\/v2\/types\/page"}],"author":[{"embeddable":true,"href":"https:\/\/flowtrecs.pl\/strona\/index.php?rest_route=\/wp\/v2\/users\/1"}],"replies":[{"embeddable":true,"href":"https:\/\/flowtrecs.pl\/strona\/index.php?rest_route=%2Fwp%2Fv2%2Fcomments&post=138"}],"version-history":[{"count":11,"href":"https:\/\/flowtrecs.pl\/strona\/index.php?rest_route=\/wp\/v2\/pages\/138\/revisions"}],"predecessor-version":[{"id":330,"href":"https:\/\/flowtrecs.pl\/strona\/index.php?rest_route=\/wp\/v2\/pages\/138\/revisions\/330"}],"wp:attachment":[{"href":"https:\/\/flowtrecs.pl\/strona\/index.php?rest_route=%2Fwp%2Fv2%2Fmedia&parent=138"}],"curies":[{"name":"wp","href":"https:\/\/api.w.org\/{rel}","templated":true}]}}