{"id":147,"date":"2024-06-24T14:29:53","date_gmt":"2024-06-24T14:29:53","guid":{"rendered":"https:\/\/flowtrecs.pl\/strona\/?page_id=147"},"modified":"2024-06-24T15:27:27","modified_gmt":"2024-06-24T15:27:27","slug":"flowtrecs-android-bt","status":"publish","type":"page","link":"https:\/\/flowtrecs.pl\/strona\/?page_id=147","title":{"rendered":"Flowtrecs Android BT"},"content":{"rendered":"\t\t<div data-elementor-type=\"wp-page\" data-elementor-id=\"147\" class=\"elementor elementor-147\">\n\t\t\t\t<div class=\"elementor-element elementor-element-f2f7ce0 e-grid e-con-boxed e-con e-parent\" data-id=\"f2f7ce0\" data-element_type=\"container\">\n\t\t\t\t\t<div class=\"e-con-inner\">\n\t\t\t\t<div class=\"elementor-element elementor-element-a19f61d elementor-widget elementor-widget-text-editor\" data-id=\"a19f61d\" data-element_type=\"widget\" data-widget_type=\"text-editor.default\">\n\t\t\t\t<div class=\"elementor-widget-container\">\n\t\t\t\t\t\t\t<p><div class=\"flexslider ewic-slider-lite is_on_\" id=\"ewic-con-11069e5f0c476961\"><style>#ewic-con-11069e5f0c476961 .flex-direction-nav .flex-next, #ewic-con-11069e5f0c476961 .flex-direction-nav .flex-prev {opacity: 1;} #ewic-con-11069e5f0c476961 .flex-direction-nav .flex-next {right: 10px !important; text-align: right !important;} #ewic-con-11069e5f0c476961 .flex-direction-nav .flex-prev {left: 10px !important;}<\/style><div id=\"preloader-11069e5f0c476961\" class=\"sliderpreloader\"><\/div><ul style=\"display:none;\" class=\"slides flexslider-11069e5f0c476961\"><li class=\"ewic-slider\"><a href=\"https:\/\/flowtrecs.pl\/strona\/wp-content\/uploads\/2024\/06\/gps-bt-en-new.webp\"  rel=\"ewicprettyPhoto[11069e5f0c476961]\"><img decoding=\"async\"  class=\"ewic-wid-imgs\" src=\"https:\/\/flowtrecs.pl\/strona\/wp-content\/uploads\/2024\/06\/gps-bt-en-new.webp\" \/><p class=\"flex-caption\"><\/p><\/a><\/li><li class=\"ewic-slider\"><a href=\"https:\/\/flowtrecs.pl\/strona\/wp-content\/uploads\/2024\/06\/BT-box-Medium.webp\"  rel=\"ewicprettyPhoto[11069e5f0c476961]\"><img decoding=\"async\"  class=\"ewic-wid-imgs\" src=\"https:\/\/flowtrecs.pl\/strona\/wp-content\/uploads\/2024\/06\/BT-box-Medium.webp\" \/><p class=\"flex-caption\"><\/p><\/a><\/li><li class=\"ewic-slider\"><a href=\"https:\/\/flowtrecs.pl\/strona\/wp-content\/uploads\/2024\/06\/Data-screen-nowy.webp\"  rel=\"ewicprettyPhoto[11069e5f0c476961]\"><img decoding=\"async\"  class=\"ewic-wid-imgs\" src=\"https:\/\/flowtrecs.pl\/strona\/wp-content\/uploads\/2024\/06\/Data-screen-nowy.webp\" \/><p class=\"flex-caption\"><\/p><\/a><\/li><li class=\"ewic-slider\"><a href=\"https:\/\/flowtrecs.pl\/strona\/wp-content\/uploads\/2024\/06\/Fuel-x2-screen-nowy.webp\"  rel=\"ewicprettyPhoto[11069e5f0c476961]\"><img decoding=\"async\"  class=\"ewic-wid-imgs\" src=\"https:\/\/flowtrecs.pl\/strona\/wp-content\/uploads\/2024\/06\/Fuel-x2-screen-nowy.webp\" \/><p class=\"flex-caption\"><\/p><\/a><\/li><li class=\"ewic-slider\"><a href=\"https:\/\/flowtrecs.pl\/strona\/wp-content\/uploads\/2024\/06\/Main-Screen-Medium.webp\"  rel=\"ewicprettyPhoto[11069e5f0c476961]\"><img decoding=\"async\"  class=\"ewic-wid-imgs\" src=\"https:\/\/flowtrecs.pl\/strona\/wp-content\/uploads\/2024\/06\/Main-Screen-Medium.webp\" \/><p class=\"flex-caption\"><\/p><\/a><\/li><li class=\"ewic-slider\"><a href=\"https:\/\/flowtrecs.pl\/strona\/wp-content\/uploads\/2024\/06\/MOB-nowy.webp\"  rel=\"ewicprettyPhoto[11069e5f0c476961]\"><img decoding=\"async\"  class=\"ewic-wid-imgs\" src=\"https:\/\/flowtrecs.pl\/strona\/wp-content\/uploads\/2024\/06\/MOB-nowy.webp\" \/><p class=\"flex-caption\"><\/p><\/a><\/li><li class=\"ewic-slider\"><a href=\"https:\/\/flowtrecs.pl\/strona\/wp-content\/uploads\/2024\/06\/Screen-x-4-nowy.webp\"  rel=\"ewicprettyPhoto[11069e5f0c476961]\"><img decoding=\"async\"  class=\"ewic-wid-imgs\" src=\"https:\/\/flowtrecs.pl\/strona\/wp-content\/uploads\/2024\/06\/Screen-x-4-nowy.webp\" \/><p class=\"flex-caption\"><\/p><\/a><\/li><li class=\"ewic-slider\"><a href=\"https:\/\/flowtrecs.pl\/strona\/wp-content\/uploads\/2024\/06\/Settings-Alu-Medium.webp\"  rel=\"ewicprettyPhoto[11069e5f0c476961]\"><img decoding=\"async\"  class=\"ewic-wid-imgs\" src=\"https:\/\/flowtrecs.pl\/strona\/wp-content\/uploads\/2024\/06\/Settings-Alu-Medium.webp\" \/><p class=\"flex-caption\"><\/p><\/a><\/li><\/ul><script type=\"text\/javascript\">\r\n\tjQuery(document).ready(function($) {\r\n\r\n\t\t$(\"#preloader-11069e5f0c476961\").fadeOut(500, function () {\r\n\r\n\t\t\t$(\"#ewic-con-11069e5f0c476961\").addClass(\"ready_to_show\");\r\n\r\n\t\t\t$(\"a[rel^='ewicprettyPhoto[11069e5f0c476961]']\").ewcPhoto({\r\n\t\t\t\ttheme: \"ewc_default\",\r\n\t\t\t\tallow_expand: false,\r\n\t\t\t\tdeeplinking: false,\r\n\t\t\t\tslideshow:5000,\r\n\t\t\t\tautoplay_slideshow:true,\r\n\t\t\t\tsocial_tools:false\r\n\t\t\t});\r\n\r\n\t\t\t$(\".flexslider-11069e5f0c476961\").fadeIn(300);\r\n\r\n\t\t\t$(\"#ewic-con-11069e5f0c476961\").flexslider({\r\n\t\t\t\tanimation: \"slide\",\r\n\t\t\t\tanimationSpeed: 0,\r\n\t\t\t\tuseCSS: false,\r\n\t\t\t\teasing: \"easeInQuad\",\r\n\t\t\t\tdirection: \"horizontal\",\r\n\t\t\t\tslideshow: true,\r\n\t\t\t\tsmoothHeight: true,\r\n\t\t\t\tpauseOnHover: true,\r\n\t\t\t\tcontrolNav: false,\r\n\t\t\t\tprevText: \"\",\r\n\t\t\t\tnextText: \"\",\r\n\t\t\t\trtl: false,\r\n\t\t\t\tslideshowSpeed: 5000,\r\n\t\t\t\tstart: function(slider){\r\n\t\t\t\t\t$(\"#ewic-con-11069e5f0c476961\").find(\".flex-caption\").hide();\r\n\t\t\t\t\tvar curSlide = slider.find(\"li.flex-active-slide\");\r\n\t\t\t\t\t$(curSlide).find(\".flex-caption\").slideDown();\r\n\t\t\t\t},\r\n\t\t\t\tbefore: function(slider) {\r\n\t\t\t\t\t$(\"#ewic-con-11069e5f0c476961\").find(\".flex-caption\").slideUp();\r\n\t\t\t\t},\r\n\t\t\t\tafter: function(slider) {\r\n\t\t\t\t\tvar curSlide = slider.find(\"li.flex-active-slide\");\r\n\t\t\t\t\t$(curSlide).find(\".flex-caption\").slideDown();\r\n\t\t\t\t}\r\n\r\n\t\t\t});\r\n\r\n\t\t});\r\n\r\n\t});\r\n<\/script><\/div>\r\n<\/p>\t\t\t\t\t\t<\/div>\n\t\t\t\t<\/div>\n\t\t\t\t<div class=\"elementor-element elementor-element-4cb263b elementor-widget elementor-widget-text-editor\" data-id=\"4cb263b\" data-element_type=\"widget\" data-widget_type=\"text-editor.default\">\n\t\t\t\t<div class=\"elementor-widget-container\">\n\t\t\t\t\t\t\t<ul><li><h5><strong>Ekran dotykowy 5&#8243;\u00a0z 4 rdzeniowym procesorem<\/strong><\/h5><\/li><li><h5><strong>Android 4.4.2 (mo\u017cna instalowa\u0107 w\u0142asne aplikacje)<\/strong><\/h5><\/li><li><h5><strong>Bezprzewodowa \u0142\u0105czno\u015b\u0107 z sensorem (Bluetooth)<\/strong><\/h5><\/li><li><h5><strong>Obs\u0142uguje do 4 sensor\u00f3w<\/strong><\/h5><\/li><li><h5><strong>Aluminiowy sensor<\/strong><\/h5><\/li><\/ul>\t\t\t\t\t\t<\/div>\n\t\t\t\t<\/div>\n\t\t\t\t\t<\/div>\n\t\t\t\t<\/div>\n\t\t<div class=\"elementor-element elementor-element-f875d56 e-flex e-con-boxed e-con e-parent\" data-id=\"f875d56\" data-element_type=\"container\">\n\t\t\t\t\t<div class=\"e-con-inner\">\n\t\t\t\t<div class=\"elementor-element elementor-element-1e2e8d7 elementor-widget elementor-widget-text-editor\" data-id=\"1e2e8d7\" data-element_type=\"widget\" data-widget_type=\"text-editor.default\">\n\t\t\t\t<div class=\"elementor-widget-container\">\n\t\t\t\t\t\t\t<h4><strong>Elektroniczny bezprzewodowy system pomiaru zu\u017cycia paliwa<\/strong><\/h4>\n<p>&nbsp; &nbsp;Flowtrecs&nbsp;Android BT jest urz\u0105dzeniem pomiarowym wskazuj\u0105cym najistotniejsze parametry eksploatacyjne pojazdow l\u0105dowych, wodnych, powietrznych wyposa\u017conych w silniki spalinowe benzynowe oraz wyso-kopr\u0119\u017cne czyli silniki diesla. Zastowania sa szerokie i obejmuja miedzy innymi lodzie i jachty motorowe, lekkie samoloty, paralotnie, motocykle, agregaty pr\u0105dotworcze, palniki olejowe itp.&nbsp; Wskazywane parametry to parametry bie\u017c\u0105ce jak zu\u017cycie paliwa, ekonomika zu\u017cycia, pr\u0119dko\u015b\u0107 obrotowa, pr\u0119dko\u015b\u0107 poruszania si\u0119, napi\u0119cie akumulatora. Jest r\u00f3wnie\u017c dost\u0119pnych kilka dodatkowych funkcji jak MOB czyli tzw. czlowiek za burt\u0105 oraz regulacja jasno\u015bci ekranu. Wyst\u0119puje w wielu konfiguracjach pozwalaj\u0105cych na u\u017cycie go w wi\u0119kszosci potencjalnych zastosowa\u0144, dla jednego silnika , dla 2 silnik\u00f3w oraz silnik\u00f3w diesla dla mocy od 20 do 500KM. Wyposa\u017cony jest w jasny ekran dotykowy zapewniaj\u0105cy dobra czytelno\u015b\u0107 wskaza\u0144 w swietle s\u0142onecznym oraz niezawodne i trwale sensory pomiarowe wykonane ze stop\u00f3w aluminium z wirnikem osadzonym w szafirowych \u0142o\u017cyskach. Dzi\u0119ki wykorzystaniu \u0142\u0105czno\u015bci bezprzewodowej nie trzeba przeci\u0105ga\u0107 kabli od silnika co znacznie u\u0142atwia instalacj\u0119.<\/p>\n<p><strong>Dost\u0119pne funkcje:<\/strong><\/p>\n<p>1. Zu\u017cycie paliwa w &nbsp;l\/h<br>2. Ca\u0142kowite zu\u017cycie paliwa<br>3. Wska\u017anik ekonomiki zu\u017cycia paliwa &nbsp;(ilo\u015b\u0107 km na 1 l paliwa)&nbsp;<br>4. Ilo\u015b\u0107 paliwa &nbsp;(pozosta\u0142a w zbiorniku)&nbsp;<br>5. Zasi\u0119g km&nbsp;<br>6. Pr\u0119dko\u015b\u0107&nbsp;<br>7. Napi\u0119cie&nbsp;<br>8. Obrotomierz&nbsp;<br>9. Czas&nbsp;<br>10. Odleg\u0142o\u015b\u0107 &nbsp;&nbsp;<br>11.&nbsp;MOB &#8211; Men Over Board czyli zapisywanie aktualnej pozycji<br>12. Wyb\u00f3r jednostek&nbsp;km\/h,l&nbsp; knots,l&nbsp; knots,gal UK&nbsp; knots,gal US<br>13. Licznik motogodzin<br>14. Blokada ustawie\u0144 ( zabezpieczone has\u0142em )<br>15. Regulacja jasnosci ekranu<\/p>\n<p><strong>Parametry techniczne<\/strong><\/p>\n<p>1.&nbsp;Zasilanie &nbsp;12-16VDC&nbsp;<br>2.&nbsp;Pob\u00f3r pr\u0105du &nbsp;800mA&nbsp;<br>3.&nbsp;Zakres pomiaru przep\u0142yw 0,5-200 l\/h&nbsp;<br>4.&nbsp;B\u0142\u0105d &nbsp;pomiaru paliwa &nbsp;&lt; 5%&nbsp;<br>5.&nbsp;Srednica przy\u0142\u0105cza paliwa&nbsp; (3\/8&#8243;&nbsp;dla&nbsp;S,M) (7\/16&#8243;&nbsp;dla&nbsp;L,XL,XXL,3XL)<br>6.&nbsp;Zakres temperatur pracy&nbsp;0-45 C<\/p>\n<p><strong>Elementy sk\u0142adowe:<\/strong><\/p>\n<p>1. Dotykowy&nbsp;ekran LCD&nbsp; 5&#8243;<br>2. Zasilacz&nbsp; DC-20<br>3. Sensor przep\u0142ywu FS-40<br>4. Bezprzewodowy Konwerter (Bluetooth)<br>5. Instrukcja obs\u0142ugi<br>6. Opaski zaciskowe<\/p>\n<p><span style=\"color: #ff0000;\"><strong>WA\u017bNE INFORMCJE (SILNIKI DIESLA)<\/strong><\/span><\/p>\n<p>W przypadku silnik\u00f3w Diesla (z powrotem paliwa) wyb\u00f3r sensora wymaga podj\u0119cia pewnych dzia\u0142a\u0144 przez u\u017cytkownika. Musisz poda\u0107 nam dane dotycz\u0105ce wydajno\u015bci pompy zasilaj\u0105cej silnik. Zu\u017cycie paliwa jest cz\u0119sto znacznie ni\u017csze ni\u017c ilo\u015b\u0107 paliwa przep\u0142ywaj\u0105ca przez sensor paliwa. Najlepszym rozwi\u0105zaniem jest pomiar max. przep\u0142ywu paliwa powracaj\u0105cego do zbiornika. (nadmiar paliwa). np.: silniki zu\u017cywaj\u0105ce 50 l\/h, pompuj\u0105 do zbiornika 100 l\/h. W tym przypadku potrzebny jest czujnik na przep\u0142yw 150l\/h (a nie 50l\/h).<\/p>\n<p>Odczyty obrot\u00f3w mog\u0105 wymaga\u0107 monta\u017cu dodatkowego czujnika Halla, kt\u00f3ry nie jest do\u0142\u0105czony.<br>W zale\u017cno\u015bci od stanu pomp zasilaj\u0105cych i wtryskiwaczy silnika mog\u0105 by\u0107 konieczne dodatkowe komponenty, takie jak zaw\u00f3r jednokierunkowy i t\u0142umik. S\u0105 dost\u0119pne osobno.<\/p>\n<h3><strong>Dost\u0119pne wersje:<\/strong><\/h3>\n<ul>\n<li><strong>SINGLE &#8211; 1 sensor do jednego silnika benzynowego<\/strong><\/li>\n<li><strong>DUO &#8211; 2 sensory do 2 silnik\u00f3w benzynowych<\/strong><\/li>\n<li><strong>DIESEL &#8211; 2 sensory do 1 silnika Diesla (z powrotem paliwa)<\/strong><\/li>\n<li><strong>DUO DIESEL &#8211; 4 sensory do 2 silnik\u00f3w Diesla (z powrotem paliwa)<\/strong><\/li>\n<\/ul>\n<p><strong>Uwaga&nbsp;&#8211;&nbsp;produkt wyst\u0119puje w kilku wersjach kt\u00f3re r\u00f3znia sie wielko\u015bci\u0105 sensora:<\/strong><\/p>\n<p>S&nbsp;dla silnik\u00f3w&nbsp;20 &#8211; 60 KM ( 0.5 &#8211; 20 l\/h ) ( 1.2 mm&nbsp;\u015brednica&nbsp;wew.)<\/p>\n<p>M&nbsp;dla silnik\u00f3w 60 &#8211; 130 KM ( 1 &#8211; 40 l\/h )&nbsp;( 2 mm&nbsp;\u015brednica&nbsp;wew.)<\/p>\n<p>L&nbsp;dla silnik\u00f3w 130 &#8211; 250 KM ( 1.5 &#8211; 90 l\/h ) ( 3 mm&nbsp;\u015brednica&nbsp;wew.)<\/p>\n<p>XL&nbsp;dla silnik\u00f3w 250 &#8211; 350 KM ( 2 &#8211; 120 l\/h )&nbsp;&nbsp;( 4 mm&nbsp;\u015brednica&nbsp;wew.)<\/p>\n<p>XXL dla silnik\u00f3w 300 &#8211; 350 KM&nbsp; (3 &#8211; 180 l\/h )&nbsp; ( 4.5 mm \u015brednica wew.)<\/p>\n<p>3XL dla silnik\u00f3w 350 KM i wi\u0119cej (5 &#8211; 300 l\/h )&nbsp; ( 6 mm \u015brednica wew.)<\/p>\n<p><strong>Pozwala uzyska\u0107 znaczne oszcz\u0119dnosci na paliwie!<\/strong><\/p>\t\t\t\t\t\t<\/div>\n\t\t\t\t<\/div>\n\t\t\t\t\t<\/div>\n\t\t\t\t<\/div>\n\t\t\t\t<\/div>\n\t\t","protected":false},"excerpt":{"rendered":"<p>Ekran dotykowy 5&#8243;\u00a0z 4 rdzeniowym procesorem Android 4.4.2 (mo\u017cna instalowa\u0107 w\u0142asne aplikacje) Bezprzewodowa \u0142\u0105czno\u015b\u0107 z sensorem (Bluetooth) Obs\u0142uguje do 4 sensor\u00f3w Aluminiowy sensor Elektroniczny bezprzewodowy system pomiaru zu\u017cycia paliwa &nbsp; &nbsp;Flowtrecs&nbsp;Android BT jest urz\u0105dzeniem pomiarowym wskazuj\u0105cym najistotniejsze parametry eksploatacyjne pojazdow l\u0105dowych, wodnych, powietrznych wyposa\u017conych w silniki spalinowe benzynowe oraz wyso-kopr\u0119\u017cne czyli silniki diesla. Zastowania sa [&hellip;]<\/p>\n","protected":false},"author":1,"featured_media":0,"parent":0,"menu_order":0,"comment_status":"closed","ping_status":"closed","template":"","meta":{"footnotes":""},"_links":{"self":[{"href":"https:\/\/flowtrecs.pl\/strona\/index.php?rest_route=\/wp\/v2\/pages\/147"}],"collection":[{"href":"https:\/\/flowtrecs.pl\/strona\/index.php?rest_route=\/wp\/v2\/pages"}],"about":[{"href":"https:\/\/flowtrecs.pl\/strona\/index.php?rest_route=\/wp\/v2\/types\/page"}],"author":[{"embeddable":true,"href":"https:\/\/flowtrecs.pl\/strona\/index.php?rest_route=\/wp\/v2\/users\/1"}],"replies":[{"embeddable":true,"href":"https:\/\/flowtrecs.pl\/strona\/index.php?rest_route=%2Fwp%2Fv2%2Fcomments&post=147"}],"version-history":[{"count":25,"href":"https:\/\/flowtrecs.pl\/strona\/index.php?rest_route=\/wp\/v2\/pages\/147\/revisions"}],"predecessor-version":[{"id":177,"href":"https:\/\/flowtrecs.pl\/strona\/index.php?rest_route=\/wp\/v2\/pages\/147\/revisions\/177"}],"wp:attachment":[{"href":"https:\/\/flowtrecs.pl\/strona\/index.php?rest_route=%2Fwp%2Fv2%2Fmedia&parent=147"}],"curies":[{"name":"wp","href":"https:\/\/api.w.org\/{rel}","templated":true}]}}