{"id":178,"date":"2024-06-24T15:35:46","date_gmt":"2024-06-24T15:35:46","guid":{"rendered":"https:\/\/flowtrecs.pl\/strona\/?page_id=178"},"modified":"2024-06-24T15:41:26","modified_gmt":"2024-06-24T15:41:26","slug":"strona-glowna","status":"publish","type":"page","link":"https:\/\/flowtrecs.pl\/strona\/","title":{"rendered":"STRONA G\u0141\u00d3WNA"},"content":{"rendered":"\t\t<div data-elementor-type=\"wp-page\" data-elementor-id=\"178\" class=\"elementor elementor-178\">\n\t\t\t\t<div class=\"elementor-element elementor-element-d0bb21c e-flex e-con-boxed e-con e-parent\" data-id=\"d0bb21c\" data-element_type=\"container\">\n\t\t\t\t\t<div class=\"e-con-inner\">\n\t\t<div class=\"elementor-element elementor-element-e1d3433 e-con-full e-flex e-con e-child\" data-id=\"e1d3433\" data-element_type=\"container\">\n\t\t\t\t<div class=\"elementor-element elementor-element-e738c37 elementor-widget elementor-widget-text-editor\" data-id=\"e738c37\" data-element_type=\"widget\" data-widget_type=\"text-editor.default\">\n\t\t\t\t<div class=\"elementor-widget-container\">\n\t\t\t\t\t\t\t<p><div class=\"flexslider ewic-slider-lite is_on_\" id=\"ewic-con-11969e49f74e5f18\"><style>#ewic-con-11969e49f74e5f18 .flex-direction-nav .flex-next, #ewic-con-11969e49f74e5f18 .flex-direction-nav .flex-prev {opacity: 1;} #ewic-con-11969e49f74e5f18 .flex-direction-nav .flex-next {right: 10px !important; text-align: right !important;} #ewic-con-11969e49f74e5f18 .flex-direction-nav .flex-prev {left: 10px !important;}<\/style><div id=\"preloader-11969e49f74e5f18\" class=\"sliderpreloader\"><\/div><ul style=\"display:none;\" class=\"slides flexslider-11969e49f74e5f18\"><li class=\"ewic-slider\"><a href=\"https:\/\/flowtrecs.pl\/strona\/wp-content\/uploads\/2024\/06\/gps-ctp-en-inst.webp\"  rel=\"ewicprettyPhoto[11969e49f74e5f18]\"><img decoding=\"async\"  class=\"ewic-wid-imgs\" src=\"https:\/\/flowtrecs.pl\/strona\/wp-content\/uploads\/2024\/06\/gps-ctp-en-inst.webp\" \/><p class=\"flex-caption\"><\/p><\/a><\/li><li class=\"ewic-slider\"><a href=\"https:\/\/flowtrecs.pl\/strona\/wp-content\/uploads\/2024\/06\/Back-side-Medium.jpg\"  rel=\"ewicprettyPhoto[11969e49f74e5f18]\"><img decoding=\"async\"  class=\"ewic-wid-imgs\" src=\"https:\/\/flowtrecs.pl\/strona\/wp-content\/uploads\/2024\/06\/Back-side-Medium.jpg\" \/><p class=\"flex-caption\"><\/p><\/a><\/li><li class=\"ewic-slider\"><a href=\"https:\/\/flowtrecs.pl\/strona\/wp-content\/uploads\/2024\/06\/Data-screen-Medium.webp\"  rel=\"ewicprettyPhoto[11969e49f74e5f18]\"><img decoding=\"async\"  class=\"ewic-wid-imgs\" src=\"https:\/\/flowtrecs.pl\/strona\/wp-content\/uploads\/2024\/06\/Data-screen-Medium.webp\" \/><p class=\"flex-caption\"><\/p><\/a><\/li><li class=\"ewic-slider\"><a href=\"https:\/\/flowtrecs.pl\/strona\/wp-content\/uploads\/2024\/06\/Front-x4-Medium.webp\"  rel=\"ewicprettyPhoto[11969e49f74e5f18]\"><img decoding=\"async\"  class=\"ewic-wid-imgs\" src=\"https:\/\/flowtrecs.pl\/strona\/wp-content\/uploads\/2024\/06\/Front-x4-Medium.webp\" \/><p class=\"flex-caption\"><\/p><\/a><\/li><li class=\"ewic-slider\"><a href=\"https:\/\/flowtrecs.pl\/strona\/wp-content\/uploads\/2024\/06\/Menu-Medium.webp\"  rel=\"ewicprettyPhoto[11969e49f74e5f18]\"><img decoding=\"async\"  class=\"ewic-wid-imgs\" src=\"https:\/\/flowtrecs.pl\/strona\/wp-content\/uploads\/2024\/06\/Menu-Medium.webp\" \/><p class=\"flex-caption\"><\/p><\/a><\/li><li class=\"ewic-slider\"><a href=\"https:\/\/flowtrecs.pl\/strona\/wp-content\/uploads\/2024\/06\/Screen-x4-ENCutout-Medium.webp\"  rel=\"ewicprettyPhoto[11969e49f74e5f18]\"><img decoding=\"async\"  class=\"ewic-wid-imgs\" src=\"https:\/\/flowtrecs.pl\/strona\/wp-content\/uploads\/2024\/06\/Screen-x4-ENCutout-Medium.webp\" \/><p class=\"flex-caption\"><\/p><\/a><\/li><\/ul><script type=\"text\/javascript\">\r\n\tjQuery(document).ready(function($) {\r\n\r\n\t\t$(\"#preloader-11969e49f74e5f18\").fadeOut(500, function () {\r\n\r\n\t\t\t$(\"#ewic-con-11969e49f74e5f18\").addClass(\"ready_to_show\");\r\n\r\n\t\t\t$(\"a[rel^='ewicprettyPhoto[11969e49f74e5f18]']\").ewcPhoto({\r\n\t\t\t\ttheme: \"ewc_default\",\r\n\t\t\t\tallow_expand: false,\r\n\t\t\t\tdeeplinking: false,\r\n\t\t\t\tslideshow:5000,\r\n\t\t\t\tautoplay_slideshow:true,\r\n\t\t\t\tsocial_tools:false\r\n\t\t\t});\r\n\r\n\t\t\t$(\".flexslider-11969e49f74e5f18\").fadeIn(300);\r\n\r\n\t\t\t$(\"#ewic-con-11969e49f74e5f18\").flexslider({\r\n\t\t\t\tanimation: \"slide\",\r\n\t\t\t\tanimationSpeed: 0,\r\n\t\t\t\tuseCSS: false,\r\n\t\t\t\teasing: \"easeInQuad\",\r\n\t\t\t\tdirection: \"horizontal\",\r\n\t\t\t\tslideshow: true,\r\n\t\t\t\tsmoothHeight: true,\r\n\t\t\t\tpauseOnHover: true,\r\n\t\t\t\tcontrolNav: false,\r\n\t\t\t\tprevText: \"\",\r\n\t\t\t\tnextText: \"\",\r\n\t\t\t\trtl: false,\r\n\t\t\t\tslideshowSpeed: 5000,\r\n\t\t\t\tstart: function(slider){\r\n\t\t\t\t\t$(\"#ewic-con-11969e49f74e5f18\").find(\".flex-caption\").hide();\r\n\t\t\t\t\tvar curSlide = slider.find(\"li.flex-active-slide\");\r\n\t\t\t\t\t$(curSlide).find(\".flex-caption\").slideDown();\r\n\t\t\t\t},\r\n\t\t\t\tbefore: function(slider) {\r\n\t\t\t\t\t$(\"#ewic-con-11969e49f74e5f18\").find(\".flex-caption\").slideUp();\r\n\t\t\t\t},\r\n\t\t\t\tafter: function(slider) {\r\n\t\t\t\t\tvar curSlide = slider.find(\"li.flex-active-slide\");\r\n\t\t\t\t\t$(curSlide).find(\".flex-caption\").slideDown();\r\n\t\t\t\t}\r\n\r\n\t\t\t});\r\n\r\n\t\t});\r\n\r\n\t});\r\n<\/script><\/div>\r\n<\/p>\t\t\t\t\t\t<\/div>\n\t\t\t\t<\/div>\n\t\t\t\t<\/div>\n\t\t<div class=\"elementor-element elementor-element-a8ac593 e-con-full e-flex e-con e-child\" data-id=\"a8ac593\" data-element_type=\"container\">\n\t\t\t\t<div class=\"elementor-element elementor-element-0765ffa elementor-widget elementor-widget-text-editor\" data-id=\"0765ffa\" data-element_type=\"widget\" data-widget_type=\"text-editor.default\">\n\t\t\t\t<div class=\"elementor-widget-container\">\n\t\t\t\t\t\t\t<div><strong><span style=\"font-family: Arial; font-size: small;\">\u00a0 \u00a0Produkty z rodziny Flowtrecs znajduj\u0105 szerokie zastosowanie w wielu dziedzinach, gdzie zachodzi potrzeba bie\u017c\u0105cego kontrolowania i \u015bledzenia zu\u017cycia paliw\u00a0<\/span><span style=\"font-family: Arial; font-size: small;\">ciek\u0142ych, a wi\u0119c g\u0142\u00f3wnie w urz\u0105dzeniach i maszynach wyposa\u017conych w silniki spalinowe. Zakresy przep\u0142yw\u00f3w jakie mog\u0105 by\u0107 mierzone obejmuj\u0105 (w zale\u017cno\u015bci od u\u017cytego\u00a0<\/span><span style=\"font-family: Arial; font-size: small;\">sensora przep\u0142ywu) u\u0142amki litra do setek litr\u00f3w na godzin\u0119 (od 0,5l\/h do 500l\/h). Pomiary mog\u0105 dotyczy\u0107 zar\u00f3wno paliw lekkich jak benzyny oraz ci\u0119\u017cszych czyli olej\u00f3w\u00a0<\/span><span style=\"font-family: Arial; font-size: small;\">nap\u0119dowych oraz opa\u0142owych. <\/span><\/strong><\/div><div><strong><span style=\"font-family: Arial; font-size: small;\"><br \/>\u00a0 \u00a0Najszersz\u0105 grup\u0105 zastosowa\u0144 s\u0105 obecnie silniki do \u0142odzi motorowych, maszyn rolniczych, agregat\u00f3w spalinowych, motolotni oraz palniki olejowe do urz\u0105dze\u0144 grzewczych.\u00a0Dzi\u0119ki swej funkcjonalno\u015bci urz\u0105dzenia Flowtrecs mog\u0105 zwi\u0119ksza\u0107 efektywno\u015b\u0107 eksploatacji urz\u0105dze\u0144 w kt\u00f3rych s\u0105 zainstalowane,\u00a0a co za tym idzie, pozwalaj\u0105 na uzyskanie znacz\u0105cych oszcz\u0119dno\u015bci w zu\u017cyciu paliwa.<\/span><\/strong><\/div>\t\t\t\t\t\t<\/div>\n\t\t\t\t<\/div>\n\t\t\t\t<\/div>\n\t\t\t\t\t<\/div>\n\t\t\t\t<\/div>\n\t\t\t\t<\/div>\n\t\t","protected":false},"excerpt":{"rendered":"<p>\u00a0 \u00a0Produkty z rodziny Flowtrecs znajduj\u0105 szerokie zastosowanie w wielu dziedzinach, gdzie zachodzi potrzeba bie\u017c\u0105cego kontrolowania i \u015bledzenia zu\u017cycia paliw\u00a0ciek\u0142ych, a wi\u0119c g\u0142\u00f3wnie w urz\u0105dzeniach i maszynach wyposa\u017conych w silniki spalinowe. Zakresy przep\u0142yw\u00f3w jakie mog\u0105 by\u0107 mierzone obejmuj\u0105 (w zale\u017cno\u015bci od u\u017cytego\u00a0sensora przep\u0142ywu) u\u0142amki litra do setek litr\u00f3w na godzin\u0119 (od 0,5l\/h do 500l\/h). Pomiary [&hellip;]<\/p>\n","protected":false},"author":1,"featured_media":0,"parent":0,"menu_order":0,"comment_status":"closed","ping_status":"closed","template":"elementor_header_footer","meta":{"footnotes":""},"_links":{"self":[{"href":"https:\/\/flowtrecs.pl\/strona\/index.php?rest_route=\/wp\/v2\/pages\/178"}],"collection":[{"href":"https:\/\/flowtrecs.pl\/strona\/index.php?rest_route=\/wp\/v2\/pages"}],"about":[{"href":"https:\/\/flowtrecs.pl\/strona\/index.php?rest_route=\/wp\/v2\/types\/page"}],"author":[{"embeddable":true,"href":"https:\/\/flowtrecs.pl\/strona\/index.php?rest_route=\/wp\/v2\/users\/1"}],"replies":[{"embeddable":true,"href":"https:\/\/flowtrecs.pl\/strona\/index.php?rest_route=%2Fwp%2Fv2%2Fcomments&post=178"}],"version-history":[{"count":11,"href":"https:\/\/flowtrecs.pl\/strona\/index.php?rest_route=\/wp\/v2\/pages\/178\/revisions"}],"predecessor-version":[{"id":190,"href":"https:\/\/flowtrecs.pl\/strona\/index.php?rest_route=\/wp\/v2\/pages\/178\/revisions\/190"}],"wp:attachment":[{"href":"https:\/\/flowtrecs.pl\/strona\/index.php?rest_route=%2Fwp%2Fv2%2Fmedia&parent=178"}],"curies":[{"name":"wp","href":"https:\/\/api.w.org\/{rel}","templated":true}]}}