{"id":192,"date":"2024-06-24T20:16:03","date_gmt":"2024-06-24T20:16:03","guid":{"rendered":"https:\/\/flowtrecs.pl\/strona\/?page_id=192"},"modified":"2024-06-24T20:23:23","modified_gmt":"2024-06-24T20:23:23","slug":"flowtrecs-wave","status":"publish","type":"page","link":"https:\/\/flowtrecs.pl\/strona\/?page_id=192","title":{"rendered":"Flowtrecs Wave"},"content":{"rendered":"\t\t<div data-elementor-type=\"wp-page\" data-elementor-id=\"192\" class=\"elementor elementor-192\">\n\t\t\t\t<div class=\"elementor-element elementor-element-f2f7ce0 e-grid e-con-boxed e-con e-parent\" data-id=\"f2f7ce0\" data-element_type=\"container\">\n\t\t\t\t\t<div class=\"e-con-inner\">\n\t\t\t\t<div class=\"elementor-element elementor-element-a19f61d elementor-widget elementor-widget-text-editor\" data-id=\"a19f61d\" data-element_type=\"widget\" data-widget_type=\"text-editor.default\">\n\t\t\t\t<div class=\"elementor-widget-container\">\n\t\t\t\t\t\t\t<p><div class=\"flexslider ewic-slider-lite is_on_\" id=\"ewic-con-11969e7369719362\"><style>#ewic-con-11969e7369719362 .flex-direction-nav .flex-next, #ewic-con-11969e7369719362 .flex-direction-nav .flex-prev {opacity: 1;} #ewic-con-11969e7369719362 .flex-direction-nav .flex-next {right: 10px !important; text-align: right !important;} #ewic-con-11969e7369719362 .flex-direction-nav .flex-prev {left: 10px !important;}<\/style><div id=\"preloader-11969e7369719362\" class=\"sliderpreloader\"><\/div><ul style=\"display:none;\" class=\"slides flexslider-11969e7369719362\"><li class=\"ewic-slider\"><a href=\"https:\/\/flowtrecs.pl\/strona\/wp-content\/uploads\/2024\/06\/gps-ctp-en-inst.webp\"  rel=\"ewicprettyPhoto[11969e7369719362]\"><img decoding=\"async\"  class=\"ewic-wid-imgs\" src=\"https:\/\/flowtrecs.pl\/strona\/wp-content\/uploads\/2024\/06\/gps-ctp-en-inst.webp\" \/><p class=\"flex-caption\"><\/p><\/a><\/li><li class=\"ewic-slider\"><a href=\"https:\/\/flowtrecs.pl\/strona\/wp-content\/uploads\/2024\/06\/Back-side-Medium.jpg\"  rel=\"ewicprettyPhoto[11969e7369719362]\"><img decoding=\"async\"  class=\"ewic-wid-imgs\" src=\"https:\/\/flowtrecs.pl\/strona\/wp-content\/uploads\/2024\/06\/Back-side-Medium.jpg\" \/><p class=\"flex-caption\"><\/p><\/a><\/li><li class=\"ewic-slider\"><a href=\"https:\/\/flowtrecs.pl\/strona\/wp-content\/uploads\/2024\/06\/Data-screen-Medium.webp\"  rel=\"ewicprettyPhoto[11969e7369719362]\"><img decoding=\"async\"  class=\"ewic-wid-imgs\" src=\"https:\/\/flowtrecs.pl\/strona\/wp-content\/uploads\/2024\/06\/Data-screen-Medium.webp\" \/><p class=\"flex-caption\"><\/p><\/a><\/li><li class=\"ewic-slider\"><a href=\"https:\/\/flowtrecs.pl\/strona\/wp-content\/uploads\/2024\/06\/Front-x4-Medium.webp\"  rel=\"ewicprettyPhoto[11969e7369719362]\"><img decoding=\"async\"  class=\"ewic-wid-imgs\" src=\"https:\/\/flowtrecs.pl\/strona\/wp-content\/uploads\/2024\/06\/Front-x4-Medium.webp\" \/><p class=\"flex-caption\"><\/p><\/a><\/li><li class=\"ewic-slider\"><a href=\"https:\/\/flowtrecs.pl\/strona\/wp-content\/uploads\/2024\/06\/Menu-Medium.webp\"  rel=\"ewicprettyPhoto[11969e7369719362]\"><img decoding=\"async\"  class=\"ewic-wid-imgs\" src=\"https:\/\/flowtrecs.pl\/strona\/wp-content\/uploads\/2024\/06\/Menu-Medium.webp\" \/><p class=\"flex-caption\"><\/p><\/a><\/li><li class=\"ewic-slider\"><a href=\"https:\/\/flowtrecs.pl\/strona\/wp-content\/uploads\/2024\/06\/Screen-x4-ENCutout-Medium.webp\"  rel=\"ewicprettyPhoto[11969e7369719362]\"><img decoding=\"async\"  class=\"ewic-wid-imgs\" src=\"https:\/\/flowtrecs.pl\/strona\/wp-content\/uploads\/2024\/06\/Screen-x4-ENCutout-Medium.webp\" \/><p class=\"flex-caption\"><\/p><\/a><\/li><\/ul><script type=\"text\/javascript\">\r\n\tjQuery(document).ready(function($) {\r\n\r\n\t\t$(\"#preloader-11969e7369719362\").fadeOut(500, function () {\r\n\r\n\t\t\t$(\"#ewic-con-11969e7369719362\").addClass(\"ready_to_show\");\r\n\r\n\t\t\t$(\"a[rel^='ewicprettyPhoto[11969e7369719362]']\").ewcPhoto({\r\n\t\t\t\ttheme: \"ewc_default\",\r\n\t\t\t\tallow_expand: false,\r\n\t\t\t\tdeeplinking: false,\r\n\t\t\t\tslideshow:5000,\r\n\t\t\t\tautoplay_slideshow:true,\r\n\t\t\t\tsocial_tools:false\r\n\t\t\t});\r\n\r\n\t\t\t$(\".flexslider-11969e7369719362\").fadeIn(300);\r\n\r\n\t\t\t$(\"#ewic-con-11969e7369719362\").flexslider({\r\n\t\t\t\tanimation: \"slide\",\r\n\t\t\t\tanimationSpeed: 0,\r\n\t\t\t\tuseCSS: false,\r\n\t\t\t\teasing: \"easeInQuad\",\r\n\t\t\t\tdirection: \"horizontal\",\r\n\t\t\t\tslideshow: true,\r\n\t\t\t\tsmoothHeight: true,\r\n\t\t\t\tpauseOnHover: true,\r\n\t\t\t\tcontrolNav: false,\r\n\t\t\t\tprevText: \"\",\r\n\t\t\t\tnextText: \"\",\r\n\t\t\t\trtl: false,\r\n\t\t\t\tslideshowSpeed: 5000,\r\n\t\t\t\tstart: function(slider){\r\n\t\t\t\t\t$(\"#ewic-con-11969e7369719362\").find(\".flex-caption\").hide();\r\n\t\t\t\t\tvar curSlide = slider.find(\"li.flex-active-slide\");\r\n\t\t\t\t\t$(curSlide).find(\".flex-caption\").slideDown();\r\n\t\t\t\t},\r\n\t\t\t\tbefore: function(slider) {\r\n\t\t\t\t\t$(\"#ewic-con-11969e7369719362\").find(\".flex-caption\").slideUp();\r\n\t\t\t\t},\r\n\t\t\t\tafter: function(slider) {\r\n\t\t\t\t\tvar curSlide = slider.find(\"li.flex-active-slide\");\r\n\t\t\t\t\t$(curSlide).find(\".flex-caption\").slideDown();\r\n\t\t\t\t}\r\n\r\n\t\t\t});\r\n\r\n\t\t});\r\n\r\n\t});\r\n<\/script><\/div>\r\n<\/p>\t\t\t\t\t\t<\/div>\n\t\t\t\t<\/div>\n\t\t\t\t<div class=\"elementor-element elementor-element-4cb263b elementor-widget elementor-widget-text-editor\" data-id=\"4cb263b\" data-element_type=\"widget\" data-widget_type=\"text-editor.default\">\n\t\t\t\t<div class=\"elementor-widget-container\">\n\t\t\t\t\t\t\t<ul><li><h5><strong>Ekran dotykowy 4.3&#8243; o du\u017cej jasno\u015bci<\/strong><\/h5><\/li><li><h5><strong>Wodoszczelno\u015b\u0107 IP68<\/strong><\/h5><\/li><li><h5><strong>Obs\u0142uguje do 4 sensor\u00f3w<\/strong><\/h5><\/li><li><h5><strong>Aluminiowy sensor<\/strong><\/h5><\/li><\/ul>\t\t\t\t\t\t<\/div>\n\t\t\t\t<\/div>\n\t\t\t\t\t<\/div>\n\t\t\t\t<\/div>\n\t\t<div class=\"elementor-element elementor-element-f875d56 e-flex e-con-boxed e-con e-parent\" data-id=\"f875d56\" data-element_type=\"container\">\n\t\t\t\t\t<div class=\"e-con-inner\">\n\t\t\t\t<div class=\"elementor-element elementor-element-1e2e8d7 elementor-widget elementor-widget-text-editor\" data-id=\"1e2e8d7\" data-element_type=\"widget\" data-widget_type=\"text-editor.default\">\n\t\t\t\t<div class=\"elementor-widget-container\">\n\t\t\t\t\t\t\t<h4><strong>Elektroniczny system pomiaru zu\u017cycia paliwa<\/strong><\/h4><p>\u00a0 \u00a0Flowtrecs Wave jest urz\u0105dzeniem pomiarowym wskazuj\u0105cym najistotniejsze parametry eksploatacyjne pojazdow l\u0105dowych, wodnych, powietrznych wyposa\u017conych w silniki spalinowe benzynowe oraz wysokopr\u0119\u017cne czyli silniki diesla. Zastowania sa szerokie i obejmuja miedzy innymi lodzie i jachty motorowe, lekkie samoloty, paralotnie, motocykle, agregaty pr\u0105dotworcze, palniki olejowe itp.\u00a0 Wskazywane parametry mo\u017cna sklasyfikowac w 2 grupach. S\u0105 to parametry bie\u017c\u0105ce jak zu\u017cycie paliwa, ekonomika zu\u017cycia, pr\u0119dko\u015b\u0107 obrotowa, pr\u0119dko\u015b\u0107 poruszania si\u0119, napi\u0119cie akumulatora oraz statystyczne jak \u015brednie zu\u017cycie paliwa, \u015brednia pr\u0119dko\u015b\u0107 itd. Jest r\u00f3wnie\u017c dost\u0119pnych kilka dodatkowych funkcji jak alarm kotwiczny oraz MOB czyli tzw. czlowiek za burt\u0105. Wyst\u0119puje w wielu konfiguracjach pozwalaj\u0105cych na u\u017cycie go w wi\u0119kszosci potencjalnych zastosowa\u0144, dla jednego silnika , dla 2 silnik\u00f3w oraz silnik\u00f3w diesla\u00a0 dla mocy od 20 do 500KM. Wyposa\u017cony jest w jasny szklany ekran dotykowy zapewniaj\u0105cy dobra czytelno\u015b\u0107 wskaza\u0144 w swietle s\u0142onecznym oraz niezawodne i trwale sensory pomiarowe wykonane ze stop\u00f3w aluminium z wirnikem osadzonym w szafirowych \u0142o\u017cyskach. Obudowa jest w pelni wodoszczelna IP68 co pozwala na prac\u0119 w ka\u017cdych praktycznie warunkach pogodowych.<\/p><p><strong>Dost\u0119pne funkcje:<\/strong><\/p><p>1. Zu\u017cycie paliwa w \u00a0l\/h<br \/>2. Ca\u0142kowite zu\u017cycie paliwa<br \/>3. Wska\u017anik ekonomiki zu\u017cycia paliwa \u00a0(ilo\u015b\u0107 km na 1 l paliwa)\u00a0<br \/>4. Ilo\u015b\u0107 paliwa \u00a0(pozosta\u0142a w zbiorniku)\u00a0<br \/>5. Zasi\u0119g km\u00a0<br \/>6. Pr\u0119dko\u015b\u0107\u00a0<br \/>7. Napi\u0119cie\u00a0<br \/>8. Obrotomierz\u00a0<br \/>9. Czas\u00a0<br \/>10. Odleg\u0142o\u015b\u0107 \u00a0\u00a0<br \/>11.\u00a0MOB &#8211; Men Over Board czyli zapisywanie aktualnej pozycji<br \/>12. Wyb\u00f3r jednostek\u00a0km\/h,l\u00a0 knots,l\u00a0 knots,gal UK\u00a0 knots,gal US<br \/>13. Licznik motogodzin<br \/>14. Parametry statystyczne:\u00a0\u015brednie zu\u017cycie paliwa, \u015brednia pr\u0119dko\u015b\u0107 itd.<br \/>15. Regulacja jasnosci ekranu<\/p><p><strong>Parametry techniczne<\/strong><\/p><p>1.\u00a0Zasilanie \u00a012-16VDC\u00a0<br \/>2.\u00a0Pob\u00f3r pr\u0105du \u00a0800mA\u00a0<br \/>3.\u00a0Zakres pomiaru przep\u0142yw 0,5-200 l\/h\u00a0<br \/>4.\u00a0B\u0142\u0105d \u00a0pomiaru paliwa \u00a0&lt; 5%\u00a0<br \/>5.\u00a0Srednica przy\u0142\u0105cza paliwa\u00a0 (3\/8&#8243;\u00a0dla\u00a0S,M) (7\/16&#8243;\u00a0dla\u00a0L,XL,XXL,3XL)<br \/>6.\u00a0Zakres temperatur pracy\u00a00-45 C<\/p><p><strong>Elementy sk\u0142adowe:<\/strong><\/p><p>1. Dotykowy ekran LCD\u00a0 4.3&#8243;<br \/>2. Sensor przep\u0142ywu FS-40<br \/>3. Kabel Sensor-Ekran\u00a05m<br \/>4. Instrukcja obs\u0142ugi<br \/>5. Opaski zaciskowe<\/p><p><span style=\"color: #ff0000;\"><strong>WA\u017bNE INFORMCJE (SILNIKI DIESLA)<\/strong><\/span><\/p><p>W przypadku silnik\u00f3w Diesla (z powrotem paliwa) wyb\u00f3r sensora wymaga podj\u0119cia pewnych dzia\u0142a\u0144 przez u\u017cytkownika. Musisz poda\u0107 nam dane dotycz\u0105ce wydajno\u015bci pompy zasilaj\u0105cej silnik. Zu\u017cycie paliwa jest cz\u0119sto znacznie ni\u017csze ni\u017c ilo\u015b\u0107 paliwa przep\u0142ywaj\u0105ca przez sensor paliwa. Najlepszym rozwi\u0105zaniem jest pomiar max. przep\u0142ywu paliwa powracaj\u0105cego do zbiornika. (nadmiar paliwa). np.: silniki zu\u017cywaj\u0105ce 50 l\/h, pompuj\u0105 do zbiornika 100 l\/h. W tym przypadku potrzebny jest czujnik na przep\u0142yw 150l\/h (a nie 50l\/h).<\/p><p>Odczyty obrot\u00f3w mog\u0105 wymaga\u0107 monta\u017cu dodatkowego czujnika Halla, kt\u00f3ry nie jest do\u0142\u0105czony.<br \/>W zale\u017cno\u015bci od stanu pomp zasilaj\u0105cych i wtryskiwaczy silnika mog\u0105 by\u0107 konieczne dodatkowe komponenty, takie jak zaw\u00f3r jednokierunkowy i t\u0142umik. S\u0105 dost\u0119pne osobno.<\/p><h3><strong>Dost\u0119pne wersje:<\/strong><\/h3><ul><li><strong>SINGLE &#8211; 1 sensor do jednego silnika benzynowego<\/strong><\/li><li><strong>DUO &#8211; 2 sensory do 2 silnik\u00f3w benzynowych<\/strong><\/li><li><strong>DIESEL &#8211; 2 sensory do 1 silnika Diesla (z powrotem paliwa)<\/strong><\/li><li><strong>DUO DIESEL &#8211; 4 sensory do 2 silnik\u00f3w Diesla (z powrotem paliwa)<\/strong><\/li><\/ul><p><strong>Uwaga\u00a0&#8211;\u00a0produkt wyst\u0119puje w kilku wersjach kt\u00f3re r\u00f3znia sie wielko\u015bci\u0105 sensora:<\/strong><\/p><p>S\u00a0dla silnik\u00f3w\u00a020 &#8211; 60 KM ( 0.5 &#8211; 20 l\/h ) ( 1.2 mm\u00a0\u015brednica\u00a0wew.)<\/p><p>M\u00a0dla silnik\u00f3w 60 &#8211; 130 KM ( 1 &#8211; 40 l\/h )\u00a0( 2 mm\u00a0\u015brednica\u00a0wew.)<\/p><p>L\u00a0dla silnik\u00f3w 130 &#8211; 250 KM ( 1.5 &#8211; 90 l\/h ) ( 3 mm\u00a0\u015brednica\u00a0wew.)<\/p><p>XL\u00a0dla silnik\u00f3w 250 &#8211; 350 KM ( 2 &#8211; 120 l\/h )\u00a0\u00a0( 4 mm\u00a0\u015brednica\u00a0wew.)<\/p><p>XXL dla silnik\u00f3w 300 &#8211; 350 KM\u00a0 (3 &#8211; 180 l\/h )\u00a0 ( 4.5 mm \u015brednica wew.)<\/p><p>3XL dla silnik\u00f3w 350 KM i wi\u0119cej (5 &#8211; 300 l\/h )\u00a0 ( 6 mm \u015brednica wew.)<\/p><p><strong>Pozwala uzyska\u0107 znaczne oszcz\u0119dnosci na paliwie!<\/strong><\/p>\t\t\t\t\t\t<\/div>\n\t\t\t\t<\/div>\n\t\t\t\t\t<\/div>\n\t\t\t\t<\/div>\n\t\t\t\t<\/div>\n\t\t","protected":false},"excerpt":{"rendered":"<p>Ekran dotykowy 4.3&#8243; o du\u017cej jasno\u015bci Wodoszczelno\u015b\u0107 IP68 Obs\u0142uguje do 4 sensor\u00f3w Aluminiowy sensor Elektroniczny system pomiaru zu\u017cycia paliwa \u00a0 \u00a0Flowtrecs Wave jest urz\u0105dzeniem pomiarowym wskazuj\u0105cym najistotniejsze parametry eksploatacyjne pojazdow l\u0105dowych, wodnych, powietrznych wyposa\u017conych w silniki spalinowe benzynowe oraz wysokopr\u0119\u017cne czyli silniki diesla. Zastowania sa szerokie i obejmuja miedzy innymi lodzie i jachty motorowe, lekkie [&hellip;]<\/p>\n","protected":false},"author":1,"featured_media":0,"parent":0,"menu_order":0,"comment_status":"closed","ping_status":"closed","template":"","meta":{"footnotes":""},"_links":{"self":[{"href":"https:\/\/flowtrecs.pl\/strona\/index.php?rest_route=\/wp\/v2\/pages\/192"}],"collection":[{"href":"https:\/\/flowtrecs.pl\/strona\/index.php?rest_route=\/wp\/v2\/pages"}],"about":[{"href":"https:\/\/flowtrecs.pl\/strona\/index.php?rest_route=\/wp\/v2\/types\/page"}],"author":[{"embeddable":true,"href":"https:\/\/flowtrecs.pl\/strona\/index.php?rest_route=\/wp\/v2\/users\/1"}],"replies":[{"embeddable":true,"href":"https:\/\/flowtrecs.pl\/strona\/index.php?rest_route=%2Fwp%2Fv2%2Fcomments&post=192"}],"version-history":[{"count":7,"href":"https:\/\/flowtrecs.pl\/strona\/index.php?rest_route=\/wp\/v2\/pages\/192\/revisions"}],"predecessor-version":[{"id":200,"href":"https:\/\/flowtrecs.pl\/strona\/index.php?rest_route=\/wp\/v2\/pages\/192\/revisions\/200"}],"wp:attachment":[{"href":"https:\/\/flowtrecs.pl\/strona\/index.php?rest_route=%2Fwp%2Fv2%2Fmedia&parent=192"}],"curies":[{"name":"wp","href":"https:\/\/api.w.org\/{rel}","templated":true}]}}