{"id":284,"date":"2024-07-03T17:14:12","date_gmt":"2024-07-03T17:14:12","guid":{"rendered":"https:\/\/flowtrecs.pl\/strona\/?page_id=284"},"modified":"2024-07-03T17:15:36","modified_gmt":"2024-07-03T17:15:36","slug":"startseite","status":"publish","type":"page","link":"https:\/\/flowtrecs.pl\/strona\/?page_id=284&lang=de","title":{"rendered":"STARTSEITE"},"content":{"rendered":"\t\t<div data-elementor-type=\"wp-page\" data-elementor-id=\"284\" class=\"elementor elementor-284\">\n\t\t\t\t<div class=\"elementor-element elementor-element-d0bb21c e-flex e-con-boxed e-con e-parent\" data-id=\"d0bb21c\" data-element_type=\"container\">\n\t\t\t\t\t<div class=\"e-con-inner\">\n\t\t<div class=\"elementor-element elementor-element-e1d3433 e-con-full e-flex e-con e-child\" data-id=\"e1d3433\" data-element_type=\"container\">\n\t\t\t\t<div class=\"elementor-element elementor-element-e738c37 elementor-widget elementor-widget-text-editor\" data-id=\"e738c37\" data-element_type=\"widget\" data-widget_type=\"text-editor.default\">\n\t\t\t\t<div class=\"elementor-widget-container\">\n\t\t\t\t\t\t\t<p><div class=\"flexslider ewic-slider-lite is_on_\" id=\"ewic-con-11969e5efc9ef4d5\"><style>#ewic-con-11969e5efc9ef4d5 .flex-direction-nav .flex-next, #ewic-con-11969e5efc9ef4d5 .flex-direction-nav .flex-prev {opacity: 1;} #ewic-con-11969e5efc9ef4d5 .flex-direction-nav .flex-next {right: 10px !important; text-align: right !important;} #ewic-con-11969e5efc9ef4d5 .flex-direction-nav .flex-prev {left: 10px !important;}<\/style><div id=\"preloader-11969e5efc9ef4d5\" class=\"sliderpreloader\"><\/div><ul style=\"display:none;\" class=\"slides flexslider-11969e5efc9ef4d5\"><li class=\"ewic-slider\"><a href=\"https:\/\/flowtrecs.pl\/strona\/wp-content\/uploads\/2024\/06\/gps-ctp-en-inst.webp\"  rel=\"ewicprettyPhoto[11969e5efc9ef4d5]\"><img decoding=\"async\"  class=\"ewic-wid-imgs\" src=\"https:\/\/flowtrecs.pl\/strona\/wp-content\/uploads\/2024\/06\/gps-ctp-en-inst.webp\" \/><p class=\"flex-caption\"><\/p><\/a><\/li><li class=\"ewic-slider\"><a href=\"https:\/\/flowtrecs.pl\/strona\/wp-content\/uploads\/2024\/06\/Back-side-Medium.jpg\"  rel=\"ewicprettyPhoto[11969e5efc9ef4d5]\"><img decoding=\"async\"  class=\"ewic-wid-imgs\" src=\"https:\/\/flowtrecs.pl\/strona\/wp-content\/uploads\/2024\/06\/Back-side-Medium.jpg\" \/><p class=\"flex-caption\"><\/p><\/a><\/li><li class=\"ewic-slider\"><a href=\"https:\/\/flowtrecs.pl\/strona\/wp-content\/uploads\/2024\/06\/Data-screen-Medium.webp\"  rel=\"ewicprettyPhoto[11969e5efc9ef4d5]\"><img decoding=\"async\"  class=\"ewic-wid-imgs\" src=\"https:\/\/flowtrecs.pl\/strona\/wp-content\/uploads\/2024\/06\/Data-screen-Medium.webp\" \/><p class=\"flex-caption\"><\/p><\/a><\/li><li class=\"ewic-slider\"><a href=\"https:\/\/flowtrecs.pl\/strona\/wp-content\/uploads\/2024\/06\/Front-x4-Medium.webp\"  rel=\"ewicprettyPhoto[11969e5efc9ef4d5]\"><img decoding=\"async\"  class=\"ewic-wid-imgs\" src=\"https:\/\/flowtrecs.pl\/strona\/wp-content\/uploads\/2024\/06\/Front-x4-Medium.webp\" \/><p class=\"flex-caption\"><\/p><\/a><\/li><li class=\"ewic-slider\"><a href=\"https:\/\/flowtrecs.pl\/strona\/wp-content\/uploads\/2024\/06\/Menu-Medium.webp\"  rel=\"ewicprettyPhoto[11969e5efc9ef4d5]\"><img decoding=\"async\"  class=\"ewic-wid-imgs\" src=\"https:\/\/flowtrecs.pl\/strona\/wp-content\/uploads\/2024\/06\/Menu-Medium.webp\" \/><p class=\"flex-caption\"><\/p><\/a><\/li><li class=\"ewic-slider\"><a href=\"https:\/\/flowtrecs.pl\/strona\/wp-content\/uploads\/2024\/06\/Screen-x4-ENCutout-Medium.webp\"  rel=\"ewicprettyPhoto[11969e5efc9ef4d5]\"><img decoding=\"async\"  class=\"ewic-wid-imgs\" src=\"https:\/\/flowtrecs.pl\/strona\/wp-content\/uploads\/2024\/06\/Screen-x4-ENCutout-Medium.webp\" \/><p class=\"flex-caption\"><\/p><\/a><\/li><\/ul><script type=\"text\/javascript\">\r\n\tjQuery(document).ready(function($) {\r\n\r\n\t\t$(\"#preloader-11969e5efc9ef4d5\").fadeOut(500, function () {\r\n\r\n\t\t\t$(\"#ewic-con-11969e5efc9ef4d5\").addClass(\"ready_to_show\");\r\n\r\n\t\t\t$(\"a[rel^='ewicprettyPhoto[11969e5efc9ef4d5]']\").ewcPhoto({\r\n\t\t\t\ttheme: \"ewc_default\",\r\n\t\t\t\tallow_expand: false,\r\n\t\t\t\tdeeplinking: false,\r\n\t\t\t\tslideshow:5000,\r\n\t\t\t\tautoplay_slideshow:true,\r\n\t\t\t\tsocial_tools:false\r\n\t\t\t});\r\n\r\n\t\t\t$(\".flexslider-11969e5efc9ef4d5\").fadeIn(300);\r\n\r\n\t\t\t$(\"#ewic-con-11969e5efc9ef4d5\").flexslider({\r\n\t\t\t\tanimation: \"slide\",\r\n\t\t\t\tanimationSpeed: 0,\r\n\t\t\t\tuseCSS: false,\r\n\t\t\t\teasing: \"easeInQuad\",\r\n\t\t\t\tdirection: \"horizontal\",\r\n\t\t\t\tslideshow: true,\r\n\t\t\t\tsmoothHeight: true,\r\n\t\t\t\tpauseOnHover: true,\r\n\t\t\t\tcontrolNav: false,\r\n\t\t\t\tprevText: \"\",\r\n\t\t\t\tnextText: \"\",\r\n\t\t\t\trtl: false,\r\n\t\t\t\tslideshowSpeed: 5000,\r\n\t\t\t\tstart: function(slider){\r\n\t\t\t\t\t$(\"#ewic-con-11969e5efc9ef4d5\").find(\".flex-caption\").hide();\r\n\t\t\t\t\tvar curSlide = slider.find(\"li.flex-active-slide\");\r\n\t\t\t\t\t$(curSlide).find(\".flex-caption\").slideDown();\r\n\t\t\t\t},\r\n\t\t\t\tbefore: function(slider) {\r\n\t\t\t\t\t$(\"#ewic-con-11969e5efc9ef4d5\").find(\".flex-caption\").slideUp();\r\n\t\t\t\t},\r\n\t\t\t\tafter: function(slider) {\r\n\t\t\t\t\tvar curSlide = slider.find(\"li.flex-active-slide\");\r\n\t\t\t\t\t$(curSlide).find(\".flex-caption\").slideDown();\r\n\t\t\t\t}\r\n\r\n\t\t\t});\r\n\r\n\t\t});\r\n\r\n\t});\r\n<\/script><\/div>\r\n<\/p>\t\t\t\t\t\t<\/div>\n\t\t\t\t<\/div>\n\t\t\t\t<\/div>\n\t\t<div class=\"elementor-element elementor-element-a8ac593 e-con-full e-flex e-con e-child\" data-id=\"a8ac593\" data-element_type=\"container\">\n\t\t\t\t<div class=\"elementor-element elementor-element-0765ffa elementor-widget elementor-widget-text-editor\" data-id=\"0765ffa\" data-element_type=\"widget\" data-widget_type=\"text-editor.default\">\n\t\t\t\t<div class=\"elementor-widget-container\">\n\t\t\t\t\t\t\t<p><strong>Produkte der Flowtrecs-Familie werden in vielen Bereichen eingesetzt, in denen der Verbrauch fl\u00fcssiger Brennstoffe st\u00e4ndig kontrolliert und verfolgt werden muss, vor allem in Ger\u00e4ten und Maschinen mit Verbrennungsmotoren. Die messbaren Durchflussbereiche umfassen (je nach verwendetem Durchflusssensor) Bruchteile eines Liters bis hin zu Hunderten von Litern pro Stunde (von 0,5 l\/h bis 500 l\/h). Die Messungen k\u00f6nnen sowohl leichte Brennstoffe wie Benzin als auch schwerere Brennstoffe wie Diesel und Heiz\u00f6l betreffen.<\/strong><\/p><p><strong>Derzeit sind Motoren f\u00fcr Motorboote, landwirtschaftliche Maschinen, Verbrennungsgeneratoren, Motordrachenflieger und \u00d6lbrenner f\u00fcr Heizger\u00e4te die breiteste Anwendungsgruppe. Dank ihrer Funktionalit\u00e4t k\u00f6nnen Flowtrecs-Ger\u00e4te die Effizienz des Betriebs der Ger\u00e4te, in denen sie installiert sind, steigern und so erhebliche Einsparungen beim Kraftstoffverbrauch erm\u00f6glichen.<\/strong><\/p>\t\t\t\t\t\t<\/div>\n\t\t\t\t<\/div>\n\t\t\t\t<\/div>\n\t\t\t\t\t<\/div>\n\t\t\t\t<\/div>\n\t\t\t\t<\/div>\n\t\t","protected":false},"excerpt":{"rendered":"<p>Produkte der Flowtrecs-Familie werden in vielen Bereichen eingesetzt, in denen der Verbrauch fl\u00fcssiger Brennstoffe st\u00e4ndig kontrolliert und verfolgt werden muss, vor allem in Ger\u00e4ten und Maschinen mit Verbrennungsmotoren. Die messbaren Durchflussbereiche umfassen (je nach verwendetem Durchflusssensor) Bruchteile eines Liters bis hin zu Hunderten von Litern pro Stunde (von 0,5 l\/h bis 500 l\/h). Die Messungen [&hellip;]<\/p>\n","protected":false},"author":1,"featured_media":0,"parent":0,"menu_order":0,"comment_status":"closed","ping_status":"closed","template":"elementor_header_footer","meta":{"footnotes":""},"_links":{"self":[{"href":"https:\/\/flowtrecs.pl\/strona\/index.php?rest_route=\/wp\/v2\/pages\/284"}],"collection":[{"href":"https:\/\/flowtrecs.pl\/strona\/index.php?rest_route=\/wp\/v2\/pages"}],"about":[{"href":"https:\/\/flowtrecs.pl\/strona\/index.php?rest_route=\/wp\/v2\/types\/page"}],"author":[{"embeddable":true,"href":"https:\/\/flowtrecs.pl\/strona\/index.php?rest_route=\/wp\/v2\/users\/1"}],"replies":[{"embeddable":true,"href":"https:\/\/flowtrecs.pl\/strona\/index.php?rest_route=%2Fwp%2Fv2%2Fcomments&post=284"}],"version-history":[{"count":6,"href":"https:\/\/flowtrecs.pl\/strona\/index.php?rest_route=\/wp\/v2\/pages\/284\/revisions"}],"predecessor-version":[{"id":290,"href":"https:\/\/flowtrecs.pl\/strona\/index.php?rest_route=\/wp\/v2\/pages\/284\/revisions\/290"}],"wp:attachment":[{"href":"https:\/\/flowtrecs.pl\/strona\/index.php?rest_route=%2Fwp%2Fv2%2Fmedia&parent=284"}],"curies":[{"name":"wp","href":"https:\/\/api.w.org\/{rel}","templated":true}]}}