{"id":345,"date":"2024-07-03T19:26:18","date_gmt":"2024-07-03T19:26:18","guid":{"rendered":"https:\/\/flowtrecs.pl\/strona\/?page_id=345"},"modified":"2024-10-29T17:02:17","modified_gmt":"2024-10-29T17:02:17","slug":"flowtrecs-android-bt-3","status":"publish","type":"page","link":"https:\/\/flowtrecs.pl\/strona\/?page_id=345&lang=de","title":{"rendered":"Flowtrecs Android BT"},"content":{"rendered":"\t\t<div data-elementor-type=\"wp-page\" data-elementor-id=\"345\" class=\"elementor elementor-345\">\n\t\t\t\t<div class=\"elementor-element elementor-element-f2f7ce0 e-grid e-con-boxed e-con e-parent\" data-id=\"f2f7ce0\" data-element_type=\"container\">\n\t\t\t\t\t<div class=\"e-con-inner\">\n\t\t\t\t<div class=\"elementor-element elementor-element-a19f61d elementor-widget elementor-widget-text-editor\" data-id=\"a19f61d\" data-element_type=\"widget\" data-widget_type=\"text-editor.default\">\n\t\t\t\t<div class=\"elementor-widget-container\">\n\t\t\t\t\t\t\t<p><div class=\"flexslider ewic-slider-lite is_on_\" id=\"ewic-con-11069e605a1573ba\"><style>#ewic-con-11069e605a1573ba .flex-direction-nav .flex-next, #ewic-con-11069e605a1573ba .flex-direction-nav .flex-prev {opacity: 1;} #ewic-con-11069e605a1573ba .flex-direction-nav .flex-next {right: 10px !important; text-align: right !important;} #ewic-con-11069e605a1573ba .flex-direction-nav .flex-prev {left: 10px !important;}<\/style><div id=\"preloader-11069e605a1573ba\" class=\"sliderpreloader\"><\/div><ul style=\"display:none;\" class=\"slides flexslider-11069e605a1573ba\"><li class=\"ewic-slider\"><a href=\"https:\/\/flowtrecs.pl\/strona\/wp-content\/uploads\/2024\/06\/gps-bt-en-new.webp\"  rel=\"ewicprettyPhoto[11069e605a1573ba]\"><img decoding=\"async\"  class=\"ewic-wid-imgs\" src=\"https:\/\/flowtrecs.pl\/strona\/wp-content\/uploads\/2024\/06\/gps-bt-en-new.webp\" \/><p class=\"flex-caption\"><\/p><\/a><\/li><li class=\"ewic-slider\"><a href=\"https:\/\/flowtrecs.pl\/strona\/wp-content\/uploads\/2024\/06\/BT-box-Medium.webp\"  rel=\"ewicprettyPhoto[11069e605a1573ba]\"><img decoding=\"async\"  class=\"ewic-wid-imgs\" src=\"https:\/\/flowtrecs.pl\/strona\/wp-content\/uploads\/2024\/06\/BT-box-Medium.webp\" \/><p class=\"flex-caption\"><\/p><\/a><\/li><li class=\"ewic-slider\"><a href=\"https:\/\/flowtrecs.pl\/strona\/wp-content\/uploads\/2024\/06\/Data-screen-nowy.webp\"  rel=\"ewicprettyPhoto[11069e605a1573ba]\"><img decoding=\"async\"  class=\"ewic-wid-imgs\" src=\"https:\/\/flowtrecs.pl\/strona\/wp-content\/uploads\/2024\/06\/Data-screen-nowy.webp\" \/><p class=\"flex-caption\"><\/p><\/a><\/li><li class=\"ewic-slider\"><a href=\"https:\/\/flowtrecs.pl\/strona\/wp-content\/uploads\/2024\/06\/Fuel-x2-screen-nowy.webp\"  rel=\"ewicprettyPhoto[11069e605a1573ba]\"><img decoding=\"async\"  class=\"ewic-wid-imgs\" src=\"https:\/\/flowtrecs.pl\/strona\/wp-content\/uploads\/2024\/06\/Fuel-x2-screen-nowy.webp\" \/><p class=\"flex-caption\"><\/p><\/a><\/li><li class=\"ewic-slider\"><a href=\"https:\/\/flowtrecs.pl\/strona\/wp-content\/uploads\/2024\/06\/Main-Screen-Medium.webp\"  rel=\"ewicprettyPhoto[11069e605a1573ba]\"><img decoding=\"async\"  class=\"ewic-wid-imgs\" src=\"https:\/\/flowtrecs.pl\/strona\/wp-content\/uploads\/2024\/06\/Main-Screen-Medium.webp\" \/><p class=\"flex-caption\"><\/p><\/a><\/li><li class=\"ewic-slider\"><a href=\"https:\/\/flowtrecs.pl\/strona\/wp-content\/uploads\/2024\/06\/MOB-nowy.webp\"  rel=\"ewicprettyPhoto[11069e605a1573ba]\"><img decoding=\"async\"  class=\"ewic-wid-imgs\" src=\"https:\/\/flowtrecs.pl\/strona\/wp-content\/uploads\/2024\/06\/MOB-nowy.webp\" \/><p class=\"flex-caption\"><\/p><\/a><\/li><li class=\"ewic-slider\"><a href=\"https:\/\/flowtrecs.pl\/strona\/wp-content\/uploads\/2024\/06\/Screen-x-4-nowy.webp\"  rel=\"ewicprettyPhoto[11069e605a1573ba]\"><img decoding=\"async\"  class=\"ewic-wid-imgs\" src=\"https:\/\/flowtrecs.pl\/strona\/wp-content\/uploads\/2024\/06\/Screen-x-4-nowy.webp\" \/><p class=\"flex-caption\"><\/p><\/a><\/li><li class=\"ewic-slider\"><a href=\"https:\/\/flowtrecs.pl\/strona\/wp-content\/uploads\/2024\/06\/Settings-Alu-Medium.webp\"  rel=\"ewicprettyPhoto[11069e605a1573ba]\"><img decoding=\"async\"  class=\"ewic-wid-imgs\" src=\"https:\/\/flowtrecs.pl\/strona\/wp-content\/uploads\/2024\/06\/Settings-Alu-Medium.webp\" \/><p class=\"flex-caption\"><\/p><\/a><\/li><\/ul><script type=\"text\/javascript\">\r\n\tjQuery(document).ready(function($) {\r\n\r\n\t\t$(\"#preloader-11069e605a1573ba\").fadeOut(500, function () {\r\n\r\n\t\t\t$(\"#ewic-con-11069e605a1573ba\").addClass(\"ready_to_show\");\r\n\r\n\t\t\t$(\"a[rel^='ewicprettyPhoto[11069e605a1573ba]']\").ewcPhoto({\r\n\t\t\t\ttheme: \"ewc_default\",\r\n\t\t\t\tallow_expand: false,\r\n\t\t\t\tdeeplinking: false,\r\n\t\t\t\tslideshow:5000,\r\n\t\t\t\tautoplay_slideshow:true,\r\n\t\t\t\tsocial_tools:false\r\n\t\t\t});\r\n\r\n\t\t\t$(\".flexslider-11069e605a1573ba\").fadeIn(300);\r\n\r\n\t\t\t$(\"#ewic-con-11069e605a1573ba\").flexslider({\r\n\t\t\t\tanimation: \"slide\",\r\n\t\t\t\tanimationSpeed: 0,\r\n\t\t\t\tuseCSS: false,\r\n\t\t\t\teasing: \"easeInQuad\",\r\n\t\t\t\tdirection: \"horizontal\",\r\n\t\t\t\tslideshow: true,\r\n\t\t\t\tsmoothHeight: true,\r\n\t\t\t\tpauseOnHover: true,\r\n\t\t\t\tcontrolNav: false,\r\n\t\t\t\tprevText: \"\",\r\n\t\t\t\tnextText: \"\",\r\n\t\t\t\trtl: false,\r\n\t\t\t\tslideshowSpeed: 5000,\r\n\t\t\t\tstart: function(slider){\r\n\t\t\t\t\t$(\"#ewic-con-11069e605a1573ba\").find(\".flex-caption\").hide();\r\n\t\t\t\t\tvar curSlide = slider.find(\"li.flex-active-slide\");\r\n\t\t\t\t\t$(curSlide).find(\".flex-caption\").slideDown();\r\n\t\t\t\t},\r\n\t\t\t\tbefore: function(slider) {\r\n\t\t\t\t\t$(\"#ewic-con-11069e605a1573ba\").find(\".flex-caption\").slideUp();\r\n\t\t\t\t},\r\n\t\t\t\tafter: function(slider) {\r\n\t\t\t\t\tvar curSlide = slider.find(\"li.flex-active-slide\");\r\n\t\t\t\t\t$(curSlide).find(\".flex-caption\").slideDown();\r\n\t\t\t\t}\r\n\r\n\t\t\t});\r\n\r\n\t\t});\r\n\r\n\t});\r\n<\/script><\/div>\r\n<\/p>\t\t\t\t\t\t<\/div>\n\t\t\t\t<\/div>\n\t\t\t\t<div class=\"elementor-element elementor-element-4cb263b elementor-widget elementor-widget-text-editor\" data-id=\"4cb263b\" data-element_type=\"widget\" data-widget_type=\"text-editor.default\">\n\t\t\t\t<div class=\"elementor-widget-container\">\n\t\t\t\t\t\t\t<ul><li><h5><strong>5&#8243; Touchscreen mit 4-Kern-Prozessor<\/strong><\/h5><\/li><li><h5><strong>Android 4.4.2 (M\u00f6glichkeit zur Installation eigener Anwendungen)<\/strong><\/h5><\/li><li><h5><strong>Drahtlose Verbindung mit dem Sensor (Bluetooth)<\/strong><\/h5><\/li><li><h5><strong>Unterst\u00fctzt bis zu 4 Sensoren<\/strong><\/h5><\/li><li><h5><strong>Sensor aus Aluminium<\/strong><\/h5><\/li><\/ul>\t\t\t\t\t\t<\/div>\n\t\t\t\t<\/div>\n\t\t\t\t\t<\/div>\n\t\t\t\t<\/div>\n\t\t<div class=\"elementor-element elementor-element-f875d56 e-flex e-con-boxed e-con e-parent\" data-id=\"f875d56\" data-element_type=\"container\">\n\t\t\t\t\t<div class=\"e-con-inner\">\n\t\t\t\t<div class=\"elementor-element elementor-element-1e2e8d7 elementor-widget elementor-widget-text-editor\" data-id=\"1e2e8d7\" data-element_type=\"widget\" data-widget_type=\"text-editor.default\">\n\t\t\t\t<div class=\"elementor-widget-container\">\n\t\t\t\t\t\t\t<h4><strong>Elektronisches drahtloses Kraftstoffverbrauchsmesssystem<\/strong><\/h4><p>Flowtrecs Android BT Multifunktionsmessger\u00e4t ist eine ausgezeichnete Wahl f\u00fcr Motorboote und bietet essenzielle Daten zu Motorbetrieb und Bootsbewegung, um die Kraftstoffeffizienz zu maximieren und die \u00f6kologische Nachhaltigkeit zu unterst\u00fctzen. Es misst wichtige Parameter wie Motordrehzahl, Bootsgeschwindigkeit, Kraftstoffverbrauch (l\/h), Kraftstoffstand, Spannung und Betriebsstunden. Eine herausragende Funktion ist der Kraftstoffverbrauchsanzeiger, der zeigt, wie viele Kilometer pro Liter Kraftstoff zur\u00fcckgelegt werden k\u00f6nnen.<\/p><p>Da der Kraftstoffverbrauch von verschiedenen, oft durch den Fahrer beeinflussbaren Faktoren abh\u00e4ngt, wie Geschwindigkeit, Gewichtsverteilung, Motortrimmeinstellungen und Propellergr\u00f6\u00dfe, ist der Flowtrecs unverzichtbar. Ohne genaue Daten ist die Optimierung dieser Einstellungen eine Herausforderung. Zum Beispiel k\u00f6nnte eine Reduzierung der Geschwindigkeit um 5 km\/h oder eine Anpassung des Motortrims die Reichweite von 15 km auf 20 km mit der gleichen Kraftstoffmenge erh\u00f6hen.<\/p><p>Der Kraftstoffverbrauch \u00e4ndert sich nicht linear mit der Geschwindigkeit, was die Optimierung ohne pr\u00e4zise Daten erschwert. Der Flowtrecs begegnet diesem Problem durch Echtzeitmessungen des Kraftstoffverbrauchs und der Bootsgeschwindigkeit und berechnet die Kraftstoffwirtschaftlichkeitsrate. Dadurch k\u00f6nnen Benutzer fundierte Entscheidungen treffen, um den Kraftstoffverbrauch erheblich zu senken, was nicht nur Geld spart, sondern auch die Umweltbelastung verringert.<\/p><p>Die Minimierung des Kraftstoffverbrauchs f\u00fchrt direkt zu einem geringeren CO\u2082-Fu\u00dfabdruck und macht das Bootfahren umweltfreundlicher. Durch die Optimierung der Kraftstoffeffizienz tr\u00e4gt der Flowtrecs zum Schutz der Meeres\u00f6kosysteme und zur Reduzierung der Verschmutzung bei.<\/p><p>Es ist jedoch wichtig zu beachten, dass das Messger\u00e4t selbst den Kraftstoffverbrauch nicht automatisch reduziert. Der Benutzer muss die bereitgestellten Daten nutzen und Drehzahl, Trim und Ballast anpassen, um eine optimale Kraftstoffeffizienz zu erreichen und zu einer umweltfreundlicheren, nachhaltigeren Bootsfahrerfahrung beizutragen.<\/p><p>\u00a0<\/p><p><strong>Hauptmerkmale<\/strong><\/p><p>1. Kraftstoffverbrauch l.\/h<br \/>2. Gesamt-Kraftstoffverbrauch<br \/>3. Kraftstoffverbrauchsanzeiger km\/l<br \/>4. Restkraftstoff im Tank<br \/>5. Reichweite<br \/>6. Geschwindigkeit<br \/>7. Spannung<br \/>8. Uhr<br \/>9. Entfernung<br \/>10. Motordrehzahl U\/min <strong>(Achtung! Bitte lesen Sie die optionalen Zubeh\u00f6rteile)<\/strong><br \/>11. Bildschirmhelligkeitskontrolle<br \/>12. Betriebsstundenz\u00e4hler MTH<br \/>13. Betrieb mit einem Motor<br \/>14. MOB \u2013 \u201eMann \u00fcber Bord\u201c, speichert die aktuelle Position<br \/>15. Ankeralarm<br \/>16. Mehrsprachige Bildschirme (DE, ENG)<br \/>17. Einheitenauswahl km\/h,l Knoten,l Knoten,gal UK Knoten,gal US<br \/>18. Einstellungen Sperre (Passwortschutz)<\/p><p><strong>Optionale Zubeh\u00f6rteile (Bitte lesen, falls Sie den Drehzahlmesser nutzen m\u00f6chten)<\/strong><\/p><p>Vergasermotoren (station\u00e4r und Au\u00dfenborder) ben\u00f6tigen aufgrund ihrer \u00fcberm\u00e4\u00dfigen Amplitude einen Drehzahlimpulsbegrenzer. Bei einem Einspritzmotor ist dies nicht erforderlich. Der Drehzahlimpulsbegrenzer ist in 2 Versionen verf\u00fcgbar: <a href=\"https:\/\/www.shop.flowtrecs.com\/glowna\/6-ogranicznik-impulsow-.html\" target=\"_blank\" rel=\"noreferrer noopener\">f\u00fcr station\u00e4re Motoren<\/a> und <a href=\"https:\/\/www.shop.flowtrecs.com\/glowna\/14-ogranicznik-impulsow-.html\" target=\"_blank\" rel=\"noreferrer noopener\">f\u00fcr Au\u00dfenbordmotoren.<\/a><\/p><p><strong>Lieferumfang:<\/strong><\/p><p>1. 5&#8243; CTP TFT Farb-Touchscreen (nicht wasserdicht)<br \/>2. FS-40 Durchflusssensor<br \/>3. Drahtloser BT-Verbindungsadapter<br \/>4. Bedienungsanleitung<br \/>5. Kabelbinder<\/p><p><span style=\"color: #ff0000;\"><strong>WICHTIGER HINWEIS<\/strong><\/span><\/p><p>F\u00fcr Dieselmotoren (mit R\u00fcckfluss) ist die Auswahl des Sensors vom Benutzer erforderlich. Sie m\u00fcssen uns die Daten zur F\u00f6rderleistung Ihrer Kraftstoffpumpe mitteilen. Der Kraftstoffverbrauch ist oft deutlich niedriger als das durch den Eingangs-Kraftstoffsensor kommende Kraftstoffvolumen. Die beste L\u00f6sung ist die Messung des maximalen Kraftstoffflusses, der zur\u00fcck in den Tank flie\u00dft (\u00dcberschusskraftstoff). Beispiel: Motoren mit einem Verbrauch von 50 l\/h pumpen 100 l\/h in den Tank. In diesem Fall ben\u00f6tigen Sie einen Sensor f\u00fcr 150 l\/h Durchfluss (nicht f\u00fcr 50 l\/h).<\/p><p>Die Drehzahlmessung kann einen zus\u00e4tzlichen Hallsensor erfordern, der nicht im Lieferumfang enthalten ist. Je nach Zustand Ihrer Kraftstofff\u00f6rderpumpen und Einspritzd\u00fcsen k\u00f6nnen zus\u00e4tzliche Komponenten wie R\u00fcckschlagventile und D\u00e4mpfer notwendig sein, die separat erh\u00e4ltlich sind.<\/p><h5><strong>Verf\u00fcgbare Versionen:<\/strong><\/h5><ul><li>SINGLE \u2013 1 Sensor f\u00fcr 1 Benzinmotor<\/li><li>DUO \u2013 2 Sensoren f\u00fcr 2 Benzinmotoren<\/li><li>DIESEL \u2013 2 Sensoren f\u00fcr 1 Dieselmotor (mit R\u00fcckfluss)<\/li><li>DUO DIESEL \u2013 4 Sensoren f\u00fcr 2 Dieselmotoren (mit R\u00fcckfluss)<\/li><\/ul><p><strong>Hinweis \u2013 das Produkt ist in mehreren Versionen erh\u00e4ltlich, die sich in der verwendeten Durchflusssensortyp unterscheiden:<\/strong><\/p><p>\u00a0<\/p><p>S f\u00fcr Motoren 20 &#8211; 60 PS (0,5 &#8211; 20 l\/h) (1,2 mm Innendurchmesser)<\/p><p>M f\u00fcr Motoren 60 &#8211; 130 PS (1 &#8211; 40 l\/h) (2 mm Innendurchmesser)<\/p><p>L f\u00fcr Motoren 130 &#8211; 250 PS (1,5 &#8211; 90 l\/h) (3 mm Innendurchmesser)<\/p><p>XL f\u00fcr Motoren 250 &#8211; 300 PS (2 &#8211; 120 l\/h) (4 mm Innendurchmesser)<\/p><p>XXL f\u00fcr Motoren 300 &#8211; 350 PS (3 &#8211; 180 l\/h) (4,5 mm Innendurchmesser)<\/p><p>3XL f\u00fcr Motoren 350 PS und mehr (5 &#8211; 300 l\/h) (6 mm Innendurchmesser)<\/p><p><strong>Erm\u00f6glicht erhebliche Einsparungen beim Kraftstoff!<\/strong><\/p><p><strong>Nach dem Kauf bitte den Motortyp angeben, und wir passen den besten Sensor f\u00fcr Sie an.<\/strong><\/p>\t\t\t\t\t\t<\/div>\n\t\t\t\t<\/div>\n\t\t\t\t\t<\/div>\n\t\t\t\t<\/div>\n\t\t\t\t<\/div>\n\t\t","protected":false},"excerpt":{"rendered":"<p>5&#8243; Touchscreen mit 4-Kern-Prozessor Android 4.4.2 (M\u00f6glichkeit zur Installation eigener Anwendungen) Drahtlose Verbindung mit dem Sensor (Bluetooth) Unterst\u00fctzt bis zu 4 Sensoren Sensor aus Aluminium Elektronisches drahtloses Kraftstoffverbrauchsmesssystem Flowtrecs Android BT Multifunktionsmessger\u00e4t ist eine ausgezeichnete Wahl f\u00fcr Motorboote und bietet essenzielle Daten zu Motorbetrieb und Bootsbewegung, um die Kraftstoffeffizienz zu maximieren und die \u00f6kologische Nachhaltigkeit [&hellip;]<\/p>\n","protected":false},"author":1,"featured_media":0,"parent":0,"menu_order":0,"comment_status":"closed","ping_status":"closed","template":"","meta":{"footnotes":""},"_links":{"self":[{"href":"https:\/\/flowtrecs.pl\/strona\/index.php?rest_route=\/wp\/v2\/pages\/345"}],"collection":[{"href":"https:\/\/flowtrecs.pl\/strona\/index.php?rest_route=\/wp\/v2\/pages"}],"about":[{"href":"https:\/\/flowtrecs.pl\/strona\/index.php?rest_route=\/wp\/v2\/types\/page"}],"author":[{"embeddable":true,"href":"https:\/\/flowtrecs.pl\/strona\/index.php?rest_route=\/wp\/v2\/users\/1"}],"replies":[{"embeddable":true,"href":"https:\/\/flowtrecs.pl\/strona\/index.php?rest_route=%2Fwp%2Fv2%2Fcomments&post=345"}],"version-history":[{"count":19,"href":"https:\/\/flowtrecs.pl\/strona\/index.php?rest_route=\/wp\/v2\/pages\/345\/revisions"}],"predecessor-version":[{"id":387,"href":"https:\/\/flowtrecs.pl\/strona\/index.php?rest_route=\/wp\/v2\/pages\/345\/revisions\/387"}],"wp:attachment":[{"href":"https:\/\/flowtrecs.pl\/strona\/index.php?rest_route=%2Fwp%2Fv2%2Fmedia&parent=345"}],"curies":[{"name":"wp","href":"https:\/\/api.w.org\/{rel}","templated":true}]}}