{"id":347,"date":"2024-07-03T19:26:38","date_gmt":"2024-07-03T19:26:38","guid":{"rendered":"https:\/\/flowtrecs.pl\/strona\/?page_id=347"},"modified":"2024-10-29T17:07:53","modified_gmt":"2024-10-29T17:07:53","slug":"flowtrecs-inox-3","status":"publish","type":"page","link":"https:\/\/flowtrecs.pl\/strona\/?page_id=347&lang=de","title":{"rendered":"Flowtrecs Inox"},"content":{"rendered":"\t\t<div data-elementor-type=\"wp-page\" data-elementor-id=\"347\" class=\"elementor elementor-347\">\n\t\t\t\t<div class=\"elementor-element elementor-element-f2f7ce0 e-grid e-con-boxed e-con e-parent\" data-id=\"f2f7ce0\" data-element_type=\"container\">\n\t\t\t\t\t<div class=\"e-con-inner\">\n\t\t\t\t<div class=\"elementor-element elementor-element-a19f61d elementor-widget elementor-widget-text-editor\" data-id=\"a19f61d\" data-element_type=\"widget\" data-widget_type=\"text-editor.default\">\n\t\t\t\t<div class=\"elementor-widget-container\">\n\t\t\t\t\t\t\t<p><div class=\"flexslider ewic-slider-lite is_on_\" id=\"ewic-con-1569e60c5cc08a6\"><style>#ewic-con-1569e60c5cc08a6 .flex-direction-nav .flex-next, #ewic-con-1569e60c5cc08a6 .flex-direction-nav .flex-prev {opacity: 1;} #ewic-con-1569e60c5cc08a6 .flex-direction-nav .flex-next {right: 10px !important; text-align: right !important;} #ewic-con-1569e60c5cc08a6 .flex-direction-nav .flex-prev {left: 10px !important;}<\/style><div id=\"preloader-1569e60c5cc08a6\" class=\"sliderpreloader\"><\/div><ul style=\"display:none;\" class=\"slides flexslider-1569e60c5cc08a6\"><li class=\"ewic-slider\"><a href=\"https:\/\/flowtrecs.pl\/strona\/wp-content\/uploads\/2024\/06\/Inox-back-new.jpg\"  rel=\"ewicprettyPhoto[1569e60c5cc08a6]\"><img decoding=\"async\"  class=\"ewic-wid-imgs\" src=\"https:\/\/flowtrecs.pl\/strona\/wp-content\/uploads\/2024\/06\/Inox-back-new.jpg\" \/><p class=\"flex-caption\"><\/p><\/a><\/li><li class=\"ewic-slider\"><a href=\"https:\/\/flowtrecs.pl\/strona\/wp-content\/uploads\/2024\/06\/Inox-front.png\"  rel=\"ewicprettyPhoto[1569e60c5cc08a6]\"><img decoding=\"async\"  class=\"ewic-wid-imgs\" src=\"https:\/\/flowtrecs.pl\/strona\/wp-content\/uploads\/2024\/06\/Inox-front.png\" \/><p class=\"flex-caption\"><\/p><\/a><\/li><li class=\"ewic-slider\"><a href=\"https:\/\/flowtrecs.pl\/strona\/wp-content\/uploads\/2024\/06\/Mini-new-1.45.jpg\"  rel=\"ewicprettyPhoto[1569e60c5cc08a6]\"><img decoding=\"async\"  class=\"ewic-wid-imgs\" src=\"https:\/\/flowtrecs.pl\/strona\/wp-content\/uploads\/2024\/06\/Mini-new-1.45.jpg\" \/><p class=\"flex-caption\"><\/p><\/a><\/li><li class=\"ewic-slider\"><a href=\"https:\/\/flowtrecs.pl\/strona\/wp-content\/uploads\/2024\/06\/Mini-new-1.46.jpg\"  rel=\"ewicprettyPhoto[1569e60c5cc08a6]\"><img decoding=\"async\"  class=\"ewic-wid-imgs\" src=\"https:\/\/flowtrecs.pl\/strona\/wp-content\/uploads\/2024\/06\/Mini-new-1.46.jpg\" \/><p class=\"flex-caption\"><\/p><\/a><\/li><\/ul><script type=\"text\/javascript\">\r\n\tjQuery(document).ready(function($) {\r\n\r\n\t\t$(\"#preloader-1569e60c5cc08a6\").fadeOut(500, function () {\r\n\r\n\t\t\t$(\"#ewic-con-1569e60c5cc08a6\").addClass(\"ready_to_show\");\r\n\r\n\t\t\t$(\"a[rel^='ewicprettyPhoto[1569e60c5cc08a6]']\").ewcPhoto({\r\n\t\t\t\ttheme: \"ewc_default\",\r\n\t\t\t\tallow_expand: false,\r\n\t\t\t\tdeeplinking: false,\r\n\t\t\t\tslideshow:5000,\r\n\t\t\t\tautoplay_slideshow:true,\r\n\t\t\t\tsocial_tools:false\r\n\t\t\t});\r\n\r\n\t\t\t$(\".flexslider-1569e60c5cc08a6\").fadeIn(300);\r\n\r\n\t\t\t$(\"#ewic-con-1569e60c5cc08a6\").flexslider({\r\n\t\t\t\tanimation: \"slide\",\r\n\t\t\t\tanimationSpeed: 0,\r\n\t\t\t\tuseCSS: false,\r\n\t\t\t\teasing: \"easeInQuad\",\r\n\t\t\t\tdirection: \"horizontal\",\r\n\t\t\t\tslideshow: true,\r\n\t\t\t\tsmoothHeight: true,\r\n\t\t\t\tpauseOnHover: true,\r\n\t\t\t\tcontrolNav: false,\r\n\t\t\t\tprevText: \"\",\r\n\t\t\t\tnextText: \"\",\r\n\t\t\t\trtl: false,\r\n\t\t\t\tslideshowSpeed: 3000,\r\n\t\t\t\tstart: function(slider){\r\n\t\t\t\t\t$(\"#ewic-con-1569e60c5cc08a6\").find(\".flex-caption\").hide();\r\n\t\t\t\t\tvar curSlide = slider.find(\"li.flex-active-slide\");\r\n\t\t\t\t\t$(curSlide).find(\".flex-caption\").slideDown();\r\n\t\t\t\t},\r\n\t\t\t\tbefore: function(slider) {\r\n\t\t\t\t\t$(\"#ewic-con-1569e60c5cc08a6\").find(\".flex-caption\").slideUp();\r\n\t\t\t\t},\r\n\t\t\t\tafter: function(slider) {\r\n\t\t\t\t\tvar curSlide = slider.find(\"li.flex-active-slide\");\r\n\t\t\t\t\t$(curSlide).find(\".flex-caption\").slideDown();\r\n\t\t\t\t}\r\n\r\n\t\t\t});\r\n\r\n\t\t});\r\n\r\n\t});\r\n<\/script><\/div>\r\n<\/p>\t\t\t\t\t\t<\/div>\n\t\t\t\t<\/div>\n\t\t\t\t<div class=\"elementor-element elementor-element-4cb263b elementor-widget elementor-widget-text-editor\" data-id=\"4cb263b\" data-element_type=\"widget\" data-widget_type=\"text-editor.default\">\n\t\t\t\t<div class=\"elementor-widget-container\">\n\t\t\t\t\t\t\t<ul><li><strong>Geh\u00e4use aus rostfreiem Stahl und geh\u00e4rtetem Glas<\/strong><\/li><li><strong>Durchflusssensor inklusive<\/strong><\/li><li><strong>Eingebautes GPS-Modul<\/strong><\/li><li><strong>Wasserdichtes Geh\u00e4use (IP65)<\/strong><\/li><li><strong>Bildschirmbeleuchtung<\/strong><\/li><li><strong>Version f\u00fcr 1 Motor (ohne Kraftstoffr\u00fccklauf)<\/strong><\/li><\/ul><p><br \/><br \/><br \/><br \/><br \/><\/p>\t\t\t\t\t\t<\/div>\n\t\t\t\t<\/div>\n\t\t\t\t\t<\/div>\n\t\t\t\t<\/div>\n\t\t<div class=\"elementor-element elementor-element-f875d56 e-flex e-con-boxed e-con e-parent\" data-id=\"f875d56\" data-element_type=\"container\">\n\t\t\t\t\t<div class=\"e-con-inner\">\n\t\t\t\t<div class=\"elementor-element elementor-element-1e2e8d7 elementor-widget elementor-widget-text-editor\" data-id=\"1e2e8d7\" data-element_type=\"widget\" data-widget_type=\"text-editor.default\">\n\t\t\t\t<div class=\"elementor-widget-container\">\n\t\t\t\t\t\t\t<h3><strong>Multifunktionaler Kraftstoffverbrauchsanzeiger&nbsp;<\/strong><\/h3>\n<p>Der Flowtrecs Inox Multi-Function Gauge und Elektronische Kraftstoffanzeige sind essenzielle Ger\u00e4te f\u00fcr motorbetriebene Boote, die zur Optimierung des Kraftstoffmanagements durch die Verarbeitung und Anzeige kritischer Motor- und Bewegungsdaten entwickelt wurden. Es verf\u00fcgt \u00fcber ein wasserdichtes Geh\u00e4use (IP65) und eine einfache Bedienung mit zwei Touch-Tasten, was es ideal f\u00fcr offene oder geschlossene Boote, Katamarane und RIBs macht. Das integrierte GPS-Modul und der Kraftstoffdurchflusssensor bieten eine umfassende L\u00f6sung f\u00fcr kleine Boote mit einer Motorleistung von 20 bis 500 PS. Genie\u00dfen Sie eine einfache Installation und ein ausgezeichnetes Preis-Leistungs-Verh\u00e4ltnis mit Flowtrecs Inox.<\/p>\n<p><span style=\"color: #ff0000;\"><strong>Neues Modell mit einem Edelstahlgeh\u00e4use, einem Bildschirm aus geh\u00e4rtetem Glas und Touch-Tasten.<\/strong><\/span><\/p>\n<p><span style=\"color: #ff0000;\"><strong>Einbau in das Cockpit, H\u00f6he nur 12 mm. Passt perfekt zu anderen Uhren. Uhrgr\u00f6\u00dfe 64 mm.<\/strong><\/span><\/p>\n<p><strong>Verf\u00fcgbare Funktionen:<\/strong><\/p>\n<p>1. Kraftstoffverbrauch in l\/h<br>\n2. Gesamtkraftstoffverbrauch in Litern<br>\n3. Kraftstoffverbrauchsanzeiger (Anzahl der Kilometer pro 1 Liter Kraftstoff)<br>\n4. Kraftstoffmenge (im Tank verbleibend)<br>\n5. Drehzahlmesser <strong>(Hinweis! Bitte lesen Sie die optionalen Zubeh\u00f6rteile)<\/strong><br>\n6. Geschwindigkeit<br>\n7. Spannung<br>\n8. Uhrzeit<br>\n9. Entfernung<br>\n10. Auto OFF (Ausschalten)<br>\n11. Hintergrundbeleuchtung<br>\n12. Stundenz\u00e4hler<\/p>\n<p><strong>Optionale Zubeh\u00f6rteile (Bitte lesen, falls Sie den Drehzahlmesser verwenden m\u00f6chten)<\/strong><\/p>\n<p>F\u00fcr Vergasermotoren (Innen- und Au\u00dfenbord) ist aufgrund ihrer \u00fcberm\u00e4\u00dfigen Amplitude die Verwendung eines Impulsbegrenzers erforderlich. Bei einem Einspritzmotor ist ein Impulsbegrenzer nicht notwendig. Der Impulsbegrenzer ist in 2 Versionen verf\u00fcgbar: f\u00fcr station\u00e4re Motoren und f\u00fcr Au\u00dfenbordmotoren.<\/p>\n<p><strong>Komponenten:<\/strong><\/p>\n<p>1. LCD-Display 2&#8243;<br>\n2. Kabelanschluss<br>\n3. FS-40 Durchflusssensor<br>\n4. Verl\u00e4ngerungskabel 5 Meter<br>\n5. Benutzerhandbuch<br>\n6. Kabelbinder<\/p>\n<p><strong>Hinweis \u2013 das Produkt ist in mehreren Versionen erh\u00e4ltlich, die sich im Typ des verwendeten Durchflusssensors unterscheiden:<\/strong><\/p>\n<p>S f\u00fcr Motoren 20 &#8211; 60 PS (0,5 &#8211; 20 l\/h) (D\u00fcsendurchmesser 1,2 mm)<\/p>\n<p>M f\u00fcr Motoren 60 &#8211; 130 PS (1 &#8211; 40 l\/h) (D\u00fcsendurchmesser 2 mm)<\/p>\n<p>L f\u00fcr Motoren 130 &#8211; 250 PS (1,5 &#8211; 90 l\/h) (D\u00fcsendurchmesser 3 mm)<\/p>\n<p>XL f\u00fcr Motoren 250 &#8211; 300 PS (2 &#8211; 120 l\/h) (D\u00fcsendurchmesser 4 mm)<\/p>\n<p>XXL f\u00fcr Motoren 300 &#8211; 350 PS (3 &#8211; 180 l\/h) (D\u00fcsendurchmesser 4,5 mm)<\/p>\n<p>3XL f\u00fcr Motoren 350 PS und mehr (5 &#8211; 300 l\/h) (D\u00fcsendurchmesser 6 mm)<\/p>\n<p><strong>Erm\u00f6glicht erhebliche Einsparungen beim Kraftstoff!<\/strong><\/p>\n<p><strong>Nach dem Kauf bitte Ihre Motorinformationen angeben, und wir passen den besten Sensor f\u00fcr Sie an.<\/strong><\/p>\t\t\t\t\t\t<\/div>\n\t\t\t\t<\/div>\n\t\t\t\t\t<\/div>\n\t\t\t\t<\/div>\n\t\t\t\t<\/div>\n\t\t","protected":false},"excerpt":{"rendered":"<p>Geh\u00e4use aus rostfreiem Stahl und geh\u00e4rtetem Glas Durchflusssensor inklusive Eingebautes GPS-Modul Wasserdichtes Geh\u00e4use (IP65) Bildschirmbeleuchtung Version f\u00fcr 1 Motor (ohne Kraftstoffr\u00fccklauf) Multifunktionaler Kraftstoffverbrauchsanzeiger&nbsp; Der Flowtrecs Inox Multi-Function Gauge und Elektronische Kraftstoffanzeige sind essenzielle Ger\u00e4te f\u00fcr motorbetriebene Boote, die zur Optimierung des Kraftstoffmanagements durch die Verarbeitung und Anzeige kritischer Motor- und Bewegungsdaten entwickelt wurden. Es verf\u00fcgt [&hellip;]<\/p>\n","protected":false},"author":1,"featured_media":0,"parent":0,"menu_order":0,"comment_status":"closed","ping_status":"closed","template":"","meta":{"footnotes":""},"_links":{"self":[{"href":"https:\/\/flowtrecs.pl\/strona\/index.php?rest_route=\/wp\/v2\/pages\/347"}],"collection":[{"href":"https:\/\/flowtrecs.pl\/strona\/index.php?rest_route=\/wp\/v2\/pages"}],"about":[{"href":"https:\/\/flowtrecs.pl\/strona\/index.php?rest_route=\/wp\/v2\/types\/page"}],"author":[{"embeddable":true,"href":"https:\/\/flowtrecs.pl\/strona\/index.php?rest_route=\/wp\/v2\/users\/1"}],"replies":[{"embeddable":true,"href":"https:\/\/flowtrecs.pl\/strona\/index.php?rest_route=%2Fwp%2Fv2%2Fcomments&post=347"}],"version-history":[{"count":13,"href":"https:\/\/flowtrecs.pl\/strona\/index.php?rest_route=\/wp\/v2\/pages\/347\/revisions"}],"predecessor-version":[{"id":396,"href":"https:\/\/flowtrecs.pl\/strona\/index.php?rest_route=\/wp\/v2\/pages\/347\/revisions\/396"}],"wp:attachment":[{"href":"https:\/\/flowtrecs.pl\/strona\/index.php?rest_route=%2Fwp%2Fv2%2Fmedia&parent=347"}],"curies":[{"name":"wp","href":"https:\/\/api.w.org\/{rel}","templated":true}]}}