{"id":349,"date":"2024-07-03T19:26:55","date_gmt":"2024-07-03T19:26:55","guid":{"rendered":"https:\/\/flowtrecs.pl\/strona\/?page_id=349"},"modified":"2024-10-29T17:18:11","modified_gmt":"2024-10-29T17:18:11","slug":"flowtrecs-mini-3","status":"publish","type":"page","link":"https:\/\/flowtrecs.pl\/strona\/?page_id=349&lang=de","title":{"rendered":"Flowtrecs Mini"},"content":{"rendered":"\t\t<div data-elementor-type=\"wp-page\" data-elementor-id=\"349\" class=\"elementor elementor-349\">\n\t\t\t\t<div class=\"elementor-element elementor-element-608fff73 e-grid e-con-boxed e-con e-parent\" data-id=\"608fff73\" data-element_type=\"container\">\n\t\t\t\t\t<div class=\"e-con-inner\">\n\t\t\t\t<div class=\"elementor-element elementor-element-2322ebbe elementor-widget elementor-widget-text-editor\" data-id=\"2322ebbe\" data-element_type=\"widget\" data-widget_type=\"text-editor.default\">\n\t\t\t\t<div class=\"elementor-widget-container\">\n\t\t\t\t\t\t\t<p><!-- wp:shortcode --><br \/><div class=\"flexslider ewic-slider-lite is_on_\" id=\"ewic-con-10569e6091f0b250\"><style>#ewic-con-10569e6091f0b250 .flex-direction-nav .flex-next, #ewic-con-10569e6091f0b250 .flex-direction-nav .flex-prev {opacity: 1;} #ewic-con-10569e6091f0b250 .flex-direction-nav .flex-next {right: 10px !important; text-align: right !important;} #ewic-con-10569e6091f0b250 .flex-direction-nav .flex-prev {left: 10px !important;}<\/style><div id=\"preloader-10569e6091f0b250\" class=\"sliderpreloader\"><\/div><ul style=\"display:none;\" class=\"slides flexslider-10569e6091f0b250\"><li class=\"ewic-slider\"><a href=\"https:\/\/flowtrecs.pl\/strona\/wp-content\/uploads\/2024\/06\/Mini-RPM.43.webp\"  rel=\"ewicprettyPhoto[10569e6091f0b250]\"><img decoding=\"async\"  class=\"ewic-wid-imgs\" src=\"https:\/\/flowtrecs.pl\/strona\/wp-content\/uploads\/2024\/06\/Mini-RPM.43.webp\" \/><p class=\"flex-caption\"><\/p><\/a><\/li><li class=\"ewic-slider\"><a href=\"https:\/\/flowtrecs.pl\/strona\/wp-content\/uploads\/2024\/06\/Mini-TIME.37.webp\"  rel=\"ewicprettyPhoto[10569e6091f0b250]\"><img decoding=\"async\"  class=\"ewic-wid-imgs\" src=\"https:\/\/flowtrecs.pl\/strona\/wp-content\/uploads\/2024\/06\/Mini-TIME.37.webp\" \/><p class=\"flex-caption\"><\/p><\/a><\/li><li class=\"ewic-slider\"><a href=\"https:\/\/flowtrecs.pl\/strona\/wp-content\/uploads\/2024\/06\/Mini_set.webp\"  rel=\"ewicprettyPhoto[10569e6091f0b250]\"><img decoding=\"async\"  class=\"ewic-wid-imgs\" src=\"https:\/\/flowtrecs.pl\/strona\/wp-content\/uploads\/2024\/06\/Mini_set.webp\" \/><p class=\"flex-caption\"><\/p><\/a><\/li><li class=\"ewic-slider\"><a href=\"https:\/\/flowtrecs.pl\/strona\/wp-content\/uploads\/2024\/06\/mini5crop.webp\"  rel=\"ewicprettyPhoto[10569e6091f0b250]\"><img decoding=\"async\"  class=\"ewic-wid-imgs\" src=\"https:\/\/flowtrecs.pl\/strona\/wp-content\/uploads\/2024\/06\/mini5crop.webp\" \/><p class=\"flex-caption\"><\/p><\/a><\/li><\/ul><script type=\"text\/javascript\">\r\n\tjQuery(document).ready(function($) {\r\n\r\n\t\t$(\"#preloader-10569e6091f0b250\").fadeOut(500, function () {\r\n\r\n\t\t\t$(\"#ewic-con-10569e6091f0b250\").addClass(\"ready_to_show\");\r\n\r\n\t\t\t$(\"a[rel^='ewicprettyPhoto[10569e6091f0b250]']\").ewcPhoto({\r\n\t\t\t\ttheme: \"ewc_default\",\r\n\t\t\t\tallow_expand: false,\r\n\t\t\t\tdeeplinking: false,\r\n\t\t\t\tslideshow:5000,\r\n\t\t\t\tautoplay_slideshow:true,\r\n\t\t\t\tsocial_tools:false\r\n\t\t\t});\r\n\r\n\t\t\t$(\".flexslider-10569e6091f0b250\").fadeIn(300);\r\n\r\n\t\t\t$(\"#ewic-con-10569e6091f0b250\").flexslider({\r\n\t\t\t\tanimation: \"slide\",\r\n\t\t\t\tanimationSpeed: 0,\r\n\t\t\t\tuseCSS: false,\r\n\t\t\t\teasing: \"easeInQuad\",\r\n\t\t\t\tdirection: \"horizontal\",\r\n\t\t\t\tslideshow: true,\r\n\t\t\t\tsmoothHeight: true,\r\n\t\t\t\tpauseOnHover: true,\r\n\t\t\t\tcontrolNav: false,\r\n\t\t\t\tprevText: \"\",\r\n\t\t\t\tnextText: \"\",\r\n\t\t\t\trtl: false,\r\n\t\t\t\tslideshowSpeed: 5000,\r\n\t\t\t\tstart: function(slider){\r\n\t\t\t\t\t$(\"#ewic-con-10569e6091f0b250\").find(\".flex-caption\").hide();\r\n\t\t\t\t\tvar curSlide = slider.find(\"li.flex-active-slide\");\r\n\t\t\t\t\t$(curSlide).find(\".flex-caption\").slideDown();\r\n\t\t\t\t},\r\n\t\t\t\tbefore: function(slider) {\r\n\t\t\t\t\t$(\"#ewic-con-10569e6091f0b250\").find(\".flex-caption\").slideUp();\r\n\t\t\t\t},\r\n\t\t\t\tafter: function(slider) {\r\n\t\t\t\t\tvar curSlide = slider.find(\"li.flex-active-slide\");\r\n\t\t\t\t\t$(curSlide).find(\".flex-caption\").slideDown();\r\n\t\t\t\t}\r\n\r\n\t\t\t});\r\n\r\n\t\t});\r\n\r\n\t});\r\n<\/script><\/div>\r\n<br \/><!-- \/wp:shortcode --><\/p>\n<p><!-- wp:heading {\"level\":4} --><\/p>\n<h4 class=\"wp-block-heading\"><strong style=\"color: inherit; text-align: var(--text-align);\">\u00a0<\/strong><\/h4>\n<p><!-- \/wp:heading --><\/p>\n<p><!-- wp:heading --><\/p>\n<h2 class=\"wp-block-heading\">\u00a0<\/h2>\n<p><!-- \/wp:paragraph --><\/p>\t\t\t\t\t\t<\/div>\n\t\t\t\t<\/div>\n\t\t\t\t<div class=\"elementor-element elementor-element-5b79427 elementor-widget elementor-widget-text-editor\" data-id=\"5b79427\" data-element_type=\"widget\" data-widget_type=\"text-editor.default\">\n\t\t\t\t<div class=\"elementor-widget-container\">\n\t\t\t\t\t\t\t<ul>\n<li class=\"wp-block-heading\"><strong>Kraftstoffdurchflusssensor enthalten<\/strong><\/li>\n<li class=\"wp-block-heading\"><strong>Eingebautes GPS-Modul<\/strong><\/li>\n<li class=\"wp-block-heading\"><strong>Wasserdichtes Geh\u00e4use (IP64)<\/strong><\/li>\n<li class=\"wp-block-heading\"><strong>Bildschirmbeleuchtung<\/strong><\/li>\n<li class=\"wp-block-heading\"><strong>Version f\u00fcr einen Motor (ohne Kraftstoffr\u00fccklauf)<\/strong><\/li>\n<\/ul>\t\t\t\t\t\t<\/div>\n\t\t\t\t<\/div>\n\t\t\t\t\t<\/div>\n\t\t\t\t<\/div>\n\t\t<div class=\"elementor-element elementor-element-eca67e6 e-flex e-con-boxed e-con e-parent\" data-id=\"eca67e6\" data-element_type=\"container\">\n\t\t\t\t\t<div class=\"e-con-inner\">\n\t\t\t\t<div class=\"elementor-element elementor-element-22c2719 elementor-widget elementor-widget-text-editor\" data-id=\"22c2719\" data-element_type=\"widget\" data-widget_type=\"text-editor.default\">\n\t\t\t\t<div class=\"elementor-widget-container\">\n\t\t\t\t\t\t\t<h2 class=\"wp-block-heading\"><strong>Multifunktionales Kraftstoffverbrauchsmessger\u00e4t&nbsp;<\/strong><\/h2>\n<p>Das multifunktionale Anzeigeger\u00e4t \u201eFlowtrecs Mini\u201c wurde f\u00fcr Boote entwickelt, um die Betriebsparameter des Motors und die Bewegung des Bootes anzuzeigen, sodass der Benutzer den Kraftstoffverbrauch m\u00f6glichst kosteneffizient verwalten kann. Neben den grundlegenden Parametern wie Motordrehzahl, Bootsgeschwindigkeit, Kraftstoffverbrauch in l\/h, Kraftstoffmenge, Spannung und Betriebsstunden zeigt es einen entscheidenden Parameter an: die Kraftstoffeffizienz, die angibt, wie viele Kilometer pro Liter Kraftstoff zur\u00fcckgelegt werden k\u00f6nnen. Wie bekannt ist, wird der Kraftstoffverbrauch des Fahrzeugs von vielen Faktoren beeinflusst. Einige davon, wie Geschwindigkeit, Gewichtsverteilung zwischen Bug und Heck, Trimmeinstellung und Propellerauswahl, k\u00f6nnen vom Fahrer kontrolliert und angepasst werden. Doch wie wei\u00df man, welche Einstellungen ohne tats\u00e4chliche Messdaten anzupassen sind? Wie kann man feststellen, dass beispielsweise durch eine Reduzierung der Geschwindigkeit um 5 km\/h oder eine Erh\u00f6hung des Motortrims die Reichweite von 15 km auf 20 km mit derselben Menge Kraftstoff verl\u00e4ngert werden kann? Die \u00c4nderung des Kraftstoffverbrauchs in Abh\u00e4ngigkeit von der Geschwindigkeit verl\u00e4uft nicht linear, und ohne objektive Daten ist es schwer, das Optimum zu finden. Die einzige effektive L\u00f6sung in diesem Fall ist die Messung des tats\u00e4chlichen Kraftstoffverbrauchs und der Bootsgeschwindigkeit sowie die Berechnung eines Indexes, der die Effizienz der zur\u00fcckgelegten Kilometer pro Liter Kraftstoff angibt. Eine solche Funktion bietet unter anderem der \u201eMini Flowtrecs\u201c. Dies ist entscheidend f\u00fcr die wirtschaftliche Nutzung des Bootes, da es den Kraftstoffverbrauch erheblich reduzieren kann. Nat\u00fcrlich kann dies nicht automatisch erfolgen, da die reine Anzeige der augenblicklichen Reichweite den Kraftstoffverbrauch nicht senkt. Nur durch gezielte Ma\u00dfnahmen des Kapit\u00e4ns, der die Anzeigen beobachtet und die Einstellungen wie Drehzahl, Trimm oder Ballast anpasst, um die maximale Effizienz zu erreichen, k\u00f6nnen signifikante Kraftstoffeinsparungen erzielt werden.<\/p>\n<p>\u201eFlowtrec Mini\u201c wird f\u00fcr Motorboote empfohlen. Es zeigt die Betriebsparameter des Motors und die Bewegung des Bootes so an, dass die Nutzer bei maximaler Kraftstoffeffizienz fahren k\u00f6nnen. Neben den grundlegenden Parametern wie Motordrehzahl, Bootsgeschwindigkeit, Kraftstoffverbrauch in l\/h, Kraftstoffmenge, Spannung und Betriebsstunden zeigt es einen wichtigen Parameter wie die Kraftstoffeffizienz an, der die Anzahl der Kilometer anzeigt, die mit einem Liter Kraftstoff zur\u00fcckgelegt werden k\u00f6nnen. Das wasserdichte Geh\u00e4use (IP64) und die einfache Bedienung mit zwei Tasten machen es zur idealen Wahl f\u00fcr offene oder geschlossene Boote, Katamarane, RIBs usw. Ausgestattet mit einem eingebauten GPS-Modul und einem Kraftstoffdurchflusssensor bietet es eine \u201eAll-in-One\u201c-L\u00f6sung f\u00fcr kleine Boote.<\/p>\n<p><strong>Verf\u00fcgbare Funktionen:<\/strong><\/p>\n<p>1. Kraftstoffverbrauch in l\/h<br>2. Gesamtkraftstoffverbrauch in Litern<br>3. Kraftstoffverbrauchsanzeiger (Anzahl der km pro 1 Liter Kraftstoff)<br>4. Kraftstoffmenge (im Tank verbleibend)<br>5. Drehzahlmesser (Hinweis: Bitte optionale Zubeh\u00f6rteile lesen)<br>6. Geschwindigkeit<br>7. Spannung<br>8. Uhrzeit<br>9. Entfernung<br>10. Auto OFF (Ausschalten)<br>11. Hintergrundbeleuchtung<br>12. Stundenz\u00e4hler<\/p>\n<p><strong>Optionale Zubeh\u00f6rteile (Bitte lesen, wenn Sie den Drehzahlmesser verwenden m\u00f6chten)<\/strong><\/p>\n<p>F\u00fcr Vergasermotoren (station\u00e4r und Au\u00dfenbord) ist ein Impulsbegrenzer erforderlich, da diese eine \u00fcberm\u00e4\u00dfige Amplitude haben. Bei Einspritzmotoren ist kein Impulsbegrenzer notwendig. Der Impulsbegrenzer ist in zwei Versionen erh\u00e4ltlich: f\u00fcr station\u00e4re Motoren und f\u00fcr Au\u00dfenbordmotoren.<\/p>\n<p><strong>Komponenten:<\/strong><\/p>\n<p>1. LCD-Display 2&#8243;<br>2. Kabelanschluss<br>3. FS-40 Durchflusssensor<br>4. 5 m Verl\u00e4ngerungskabel<br>5. Benutzerhandbuch<br>6. Kabelbinder<\/p>\n<p><strong>Hinweis \u2013 das Produkt ist in mehreren Versionen erh\u00e4ltlich, die sich in der Art des verwendeten Durchflusssensors unterscheiden:<\/strong><\/p>\n<p>&#8211; S f\u00fcr Motoren 20 &#8211; 60 PS (0,5 &#8211; 20 l\/h) (D\u00fcsendurchmesser 1,2 mm)<br>&#8211; M f\u00fcr Motoren 60 &#8211; 130 PS (1 &#8211; 40 l\/h) (D\u00fcsendurchmesser 2 mm)<br>&#8211; L f\u00fcr Motoren 130 &#8211; 250 PS (1,5 &#8211; 90 l\/h) (D\u00fcsendurchmesser 3 mm)<br>&#8211; XL f\u00fcr Motoren 250 &#8211; 300 PS (2 &#8211; 120 l\/h) (D\u00fcsendurchmesser 4 mm)<br>&#8211; XXL f\u00fcr Motoren 300 &#8211; 350 PS (3 &#8211; 180 l\/h) (D\u00fcsendurchmesser 4,5 mm)<br>&#8211; 3XL f\u00fcr Motoren 350 PS und mehr (5 &#8211; 300 l\/h) (D\u00fcsendurchmesser 6 mm)<\/p>\n<p><strong>Dies erm\u00f6glicht erhebliche Einsparungen beim Kraftstoff!<\/strong><\/p>\n<p><strong>Nach dem Kauf bitte Ihre Motorinformationen angeben, damit wir den besten Sensor f\u00fcr Sie ausw\u00e4hlen k\u00f6nnen.<\/strong><\/p>\t\t\t\t\t\t<\/div>\n\t\t\t\t<\/div>\n\t\t\t\t\t<\/div>\n\t\t\t\t<\/div>\n\t\t\t\t<\/div>\n\t\t","protected":false},"excerpt":{"rendered":"<p>\u00a0 \u00a0 Kraftstoffdurchflusssensor enthalten Eingebautes GPS-Modul Wasserdichtes Geh\u00e4use (IP64) Bildschirmbeleuchtung Version f\u00fcr einen Motor (ohne Kraftstoffr\u00fccklauf) Multifunktionales Kraftstoffverbrauchsmessger\u00e4t&nbsp; Das multifunktionale Anzeigeger\u00e4t \u201eFlowtrecs Mini\u201c wurde f\u00fcr Boote entwickelt, um die Betriebsparameter des Motors und die Bewegung des Bootes anzuzeigen, sodass der Benutzer den Kraftstoffverbrauch m\u00f6glichst kosteneffizient verwalten kann. Neben den grundlegenden Parametern wie Motordrehzahl, Bootsgeschwindigkeit, Kraftstoffverbrauch [&hellip;]<\/p>\n","protected":false},"author":1,"featured_media":0,"parent":0,"menu_order":0,"comment_status":"closed","ping_status":"closed","template":"","meta":{"footnotes":""},"_links":{"self":[{"href":"https:\/\/flowtrecs.pl\/strona\/index.php?rest_route=\/wp\/v2\/pages\/349"}],"collection":[{"href":"https:\/\/flowtrecs.pl\/strona\/index.php?rest_route=\/wp\/v2\/pages"}],"about":[{"href":"https:\/\/flowtrecs.pl\/strona\/index.php?rest_route=\/wp\/v2\/types\/page"}],"author":[{"embeddable":true,"href":"https:\/\/flowtrecs.pl\/strona\/index.php?rest_route=\/wp\/v2\/users\/1"}],"replies":[{"embeddable":true,"href":"https:\/\/flowtrecs.pl\/strona\/index.php?rest_route=%2Fwp%2Fv2%2Fcomments&post=349"}],"version-history":[{"count":4,"href":"https:\/\/flowtrecs.pl\/strona\/index.php?rest_route=\/wp\/v2\/pages\/349\/revisions"}],"predecessor-version":[{"id":411,"href":"https:\/\/flowtrecs.pl\/strona\/index.php?rest_route=\/wp\/v2\/pages\/349\/revisions\/411"}],"wp:attachment":[{"href":"https:\/\/flowtrecs.pl\/strona\/index.php?rest_route=%2Fwp%2Fv2%2Fmedia&parent=349"}],"curies":[{"name":"wp","href":"https:\/\/api.w.org\/{rel}","templated":true}]}}