{"id":351,"date":"2024-07-03T19:27:07","date_gmt":"2024-07-03T19:27:07","guid":{"rendered":"https:\/\/flowtrecs.pl\/strona\/?page_id=351"},"modified":"2024-10-29T17:22:01","modified_gmt":"2024-10-29T17:22:01","slug":"flowtrecs-level-3","status":"publish","type":"page","link":"https:\/\/flowtrecs.pl\/strona\/?page_id=351&lang=de","title":{"rendered":"Flowtrecs Level"},"content":{"rendered":"\t\t<div data-elementor-type=\"wp-page\" data-elementor-id=\"351\" class=\"elementor elementor-351\">\n\t\t\t\t<div class=\"elementor-element elementor-element-608fff73 e-grid e-con-boxed e-con e-parent\" data-id=\"608fff73\" data-element_type=\"container\">\n\t\t\t\t\t<div class=\"e-con-inner\">\n\t\t\t\t<div class=\"elementor-element elementor-element-2322ebbe elementor-widget elementor-widget-text-editor\" data-id=\"2322ebbe\" data-element_type=\"widget\" data-widget_type=\"text-editor.default\">\n\t\t\t\t<div class=\"elementor-widget-container\">\n\t\t\t\t\t\t\t<p><!-- wp:shortcode --><br \/><div class=\"flexslider ewic-slider-lite is_on_\" id=\"ewic-con-12669e606084c5fa\"><style>#ewic-con-12669e606084c5fa .flex-direction-nav .flex-next, #ewic-con-12669e606084c5fa .flex-direction-nav .flex-prev {opacity: 1;} #ewic-con-12669e606084c5fa .flex-direction-nav .flex-next {right: 10px !important; text-align: right !important;} #ewic-con-12669e606084c5fa .flex-direction-nav .flex-prev {left: 10px !important;}<\/style><div id=\"preloader-12669e606084c5fa\" class=\"sliderpreloader\"><\/div><ul style=\"display:none;\" class=\"slides flexslider-12669e606084c5fa\"><li class=\"ewic-slider\"><a href=\"https:\/\/flowtrecs.pl\/strona\/wp-content\/uploads\/2024\/06\/Mini-FUEL.57.webp\"  rel=\"ewicprettyPhoto[12669e606084c5fa]\"><img decoding=\"async\"  class=\"ewic-wid-imgs\" src=\"https:\/\/flowtrecs.pl\/strona\/wp-content\/uploads\/2024\/06\/Mini-FUEL.57.webp\" \/><p class=\"flex-caption\"><\/p><\/a><\/li><li class=\"ewic-slider\"><a href=\"https:\/\/flowtrecs.pl\/strona\/wp-content\/uploads\/2024\/06\/Mini-FUEL.58.webp\"  rel=\"ewicprettyPhoto[12669e606084c5fa]\"><img decoding=\"async\"  class=\"ewic-wid-imgs\" src=\"https:\/\/flowtrecs.pl\/strona\/wp-content\/uploads\/2024\/06\/Mini-FUEL.58.webp\" \/><p class=\"flex-caption\"><\/p><\/a><\/li><li class=\"ewic-slider\"><a href=\"https:\/\/flowtrecs.pl\/strona\/wp-content\/uploads\/2024\/06\/Mini-H2O.61.jpg\"  rel=\"ewicprettyPhoto[12669e606084c5fa]\"><img decoding=\"async\"  class=\"ewic-wid-imgs\" src=\"https:\/\/flowtrecs.pl\/strona\/wp-content\/uploads\/2024\/06\/Mini-H2O.61.jpg\" \/><p class=\"flex-caption\"><\/p><\/a><\/li><li class=\"ewic-slider\"><a href=\"https:\/\/flowtrecs.pl\/strona\/wp-content\/uploads\/2024\/06\/Mini-H2O.62.webp\"  rel=\"ewicprettyPhoto[12669e606084c5fa]\"><img decoding=\"async\"  class=\"ewic-wid-imgs\" src=\"https:\/\/flowtrecs.pl\/strona\/wp-content\/uploads\/2024\/06\/Mini-H2O.62.webp\" \/><p class=\"flex-caption\"><\/p><\/a><\/li><\/ul><script type=\"text\/javascript\">\r\n\tjQuery(document).ready(function($) {\r\n\r\n\t\t$(\"#preloader-12669e606084c5fa\").fadeOut(500, function () {\r\n\r\n\t\t\t$(\"#ewic-con-12669e606084c5fa\").addClass(\"ready_to_show\");\r\n\r\n\t\t\t$(\"a[rel^='ewicprettyPhoto[12669e606084c5fa]']\").ewcPhoto({\r\n\t\t\t\ttheme: \"ewc_default\",\r\n\t\t\t\tallow_expand: false,\r\n\t\t\t\tdeeplinking: false,\r\n\t\t\t\tslideshow:5000,\r\n\t\t\t\tautoplay_slideshow:true,\r\n\t\t\t\tsocial_tools:false\r\n\t\t\t});\r\n\r\n\t\t\t$(\".flexslider-12669e606084c5fa\").fadeIn(300);\r\n\r\n\t\t\t$(\"#ewic-con-12669e606084c5fa\").flexslider({\r\n\t\t\t\tanimation: \"slide\",\r\n\t\t\t\tanimationSpeed: 0,\r\n\t\t\t\tuseCSS: false,\r\n\t\t\t\teasing: \"easeInQuad\",\r\n\t\t\t\tdirection: \"horizontal\",\r\n\t\t\t\tslideshow: true,\r\n\t\t\t\tsmoothHeight: true,\r\n\t\t\t\tpauseOnHover: true,\r\n\t\t\t\tcontrolNav: false,\r\n\t\t\t\tprevText: \"\",\r\n\t\t\t\tnextText: \"\",\r\n\t\t\t\trtl: false,\r\n\t\t\t\tslideshowSpeed: 5000,\r\n\t\t\t\tstart: function(slider){\r\n\t\t\t\t\t$(\"#ewic-con-12669e606084c5fa\").find(\".flex-caption\").hide();\r\n\t\t\t\t\tvar curSlide = slider.find(\"li.flex-active-slide\");\r\n\t\t\t\t\t$(curSlide).find(\".flex-caption\").slideDown();\r\n\t\t\t\t},\r\n\t\t\t\tbefore: function(slider) {\r\n\t\t\t\t\t$(\"#ewic-con-12669e606084c5fa\").find(\".flex-caption\").slideUp();\r\n\t\t\t\t},\r\n\t\t\t\tafter: function(slider) {\r\n\t\t\t\t\tvar curSlide = slider.find(\"li.flex-active-slide\");\r\n\t\t\t\t\t$(curSlide).find(\".flex-caption\").slideDown();\r\n\t\t\t\t}\r\n\r\n\t\t\t});\r\n\r\n\t\t});\r\n\r\n\t});\r\n<\/script><\/div>\r\n<br \/><!-- \/wp:shortcode --><\/p>\n<p><!-- wp:heading {\"level\":4} --><\/p>\n<h4 class=\"wp-block-heading\"><strong style=\"color: inherit; text-align: var(--text-align);\">\u00a0<\/strong><\/h4>\n<p><!-- \/wp:heading --><\/p>\n<p><!-- wp:heading --><\/p>\n<h2 class=\"wp-block-heading\">\u00a0<\/h2>\n<p><!-- \/wp:paragraph --><\/p>\t\t\t\t\t\t<\/div>\n\t\t\t\t<\/div>\n\t\t\t\t<div class=\"elementor-element elementor-element-5b79427 elementor-widget elementor-widget-text-editor\" data-id=\"5b79427\" data-element_type=\"widget\" data-widget_type=\"text-editor.default\">\n\t\t\t\t<div class=\"elementor-widget-container\">\n\t\t\t\t\t\t\t<h4 class=\"wp-block-heading\"><strong>Digitaler F\u00fcllstandsanzeiger<\/strong><strong><br \/><\/strong><\/h4>\t\t\t\t\t\t<\/div>\n\t\t\t\t<\/div>\n\t\t\t\t\t<\/div>\n\t\t\t\t<\/div>\n\t\t<div class=\"elementor-element elementor-element-eca67e6 e-flex e-con-boxed e-con e-parent\" data-id=\"eca67e6\" data-element_type=\"container\">\n\t\t\t\t\t<div class=\"e-con-inner\">\n\t\t\t\t<div class=\"elementor-element elementor-element-22c2719 elementor-widget elementor-widget-text-editor\" data-id=\"22c2719\" data-element_type=\"widget\" data-widget_type=\"text-editor.default\">\n\t\t\t\t<div class=\"elementor-widget-container\">\n\t\t\t\t\t\t\t<h2 class=\"wp-block-heading\"><strong>Multifunktionaler Kraftstoffstandanzeiger&nbsp;<\/strong><\/h2>\n<p>Intelligenter digitaler Kraftstoffstandanzeiger, geeignet f\u00fcr den Einsatz mit Widerstandssensoren von 0-190 Ohm und 240-30 Ohm. Im Gegensatz zu vielen anderen herk\u00f6mmlichen Anzeigen zeigt er den F\u00fcllstand numerisch an, z.B. 85 l (anstatt 1\/4, 1\/2 usw.). Einsatzgebiete: Benzin-, Diesel-, Wasser- und F\u00e4kalientanks usw.<\/p>\t\t\t\t\t\t<\/div>\n\t\t\t\t<\/div>\n\t\t\t\t\t<\/div>\n\t\t\t\t<\/div>\n\t\t\t\t<\/div>\n\t\t","protected":false},"excerpt":{"rendered":"<p>\u00a0 \u00a0 Digitaler F\u00fcllstandsanzeiger Multifunktionaler Kraftstoffstandanzeiger&nbsp; Intelligenter digitaler Kraftstoffstandanzeiger, geeignet f\u00fcr den Einsatz mit Widerstandssensoren von 0-190 Ohm und 240-30 Ohm. Im Gegensatz zu vielen anderen herk\u00f6mmlichen Anzeigen zeigt er den F\u00fcllstand numerisch an, z.B. 85 l (anstatt 1\/4, 1\/2 usw.). Einsatzgebiete: Benzin-, Diesel-, Wasser- und F\u00e4kalientanks usw.<\/p>\n","protected":false},"author":1,"featured_media":0,"parent":0,"menu_order":0,"comment_status":"closed","ping_status":"closed","template":"","meta":{"footnotes":""},"_links":{"self":[{"href":"https:\/\/flowtrecs.pl\/strona\/index.php?rest_route=\/wp\/v2\/pages\/351"}],"collection":[{"href":"https:\/\/flowtrecs.pl\/strona\/index.php?rest_route=\/wp\/v2\/pages"}],"about":[{"href":"https:\/\/flowtrecs.pl\/strona\/index.php?rest_route=\/wp\/v2\/types\/page"}],"author":[{"embeddable":true,"href":"https:\/\/flowtrecs.pl\/strona\/index.php?rest_route=\/wp\/v2\/users\/1"}],"replies":[{"embeddable":true,"href":"https:\/\/flowtrecs.pl\/strona\/index.php?rest_route=%2Fwp%2Fv2%2Fcomments&post=351"}],"version-history":[{"count":4,"href":"https:\/\/flowtrecs.pl\/strona\/index.php?rest_route=\/wp\/v2\/pages\/351\/revisions"}],"predecessor-version":[{"id":418,"href":"https:\/\/flowtrecs.pl\/strona\/index.php?rest_route=\/wp\/v2\/pages\/351\/revisions\/418"}],"wp:attachment":[{"href":"https:\/\/flowtrecs.pl\/strona\/index.php?rest_route=%2Fwp%2Fv2%2Fmedia&parent=351"}],"curies":[{"name":"wp","href":"https:\/\/api.w.org\/{rel}","templated":true}]}}