{"id":353,"date":"2024-07-03T19:27:21","date_gmt":"2024-07-03T19:27:21","guid":{"rendered":"https:\/\/flowtrecs.pl\/strona\/?page_id=353"},"modified":"2024-10-29T17:12:09","modified_gmt":"2024-10-29T17:12:09","slug":"flowtrecs-wave-3","status":"publish","type":"page","link":"https:\/\/flowtrecs.pl\/strona\/?page_id=353&lang=de","title":{"rendered":"Flowtrecs Wave"},"content":{"rendered":"\t\t<div data-elementor-type=\"wp-page\" data-elementor-id=\"353\" class=\"elementor elementor-353\">\n\t\t\t\t<div class=\"elementor-element elementor-element-f2f7ce0 e-grid e-con-boxed e-con e-parent\" data-id=\"f2f7ce0\" data-element_type=\"container\">\n\t\t\t\t\t<div class=\"e-con-inner\">\n\t\t\t\t<div class=\"elementor-element elementor-element-a19f61d elementor-widget elementor-widget-text-editor\" data-id=\"a19f61d\" data-element_type=\"widget\" data-widget_type=\"text-editor.default\">\n\t\t\t\t<div class=\"elementor-widget-container\">\n\t\t\t\t\t\t\t<p><div class=\"flexslider ewic-slider-lite is_on_\" id=\"ewic-con-11969e736c5279a6\"><style>#ewic-con-11969e736c5279a6 .flex-direction-nav .flex-next, #ewic-con-11969e736c5279a6 .flex-direction-nav .flex-prev {opacity: 1;} #ewic-con-11969e736c5279a6 .flex-direction-nav .flex-next {right: 10px !important; text-align: right !important;} #ewic-con-11969e736c5279a6 .flex-direction-nav .flex-prev {left: 10px !important;}<\/style><div id=\"preloader-11969e736c5279a6\" class=\"sliderpreloader\"><\/div><ul style=\"display:none;\" class=\"slides flexslider-11969e736c5279a6\"><li class=\"ewic-slider\"><a href=\"https:\/\/flowtrecs.pl\/strona\/wp-content\/uploads\/2024\/06\/gps-ctp-en-inst.webp\"  rel=\"ewicprettyPhoto[11969e736c5279a6]\"><img decoding=\"async\"  class=\"ewic-wid-imgs\" src=\"https:\/\/flowtrecs.pl\/strona\/wp-content\/uploads\/2024\/06\/gps-ctp-en-inst.webp\" \/><p class=\"flex-caption\"><\/p><\/a><\/li><li class=\"ewic-slider\"><a href=\"https:\/\/flowtrecs.pl\/strona\/wp-content\/uploads\/2024\/06\/Back-side-Medium.jpg\"  rel=\"ewicprettyPhoto[11969e736c5279a6]\"><img decoding=\"async\"  class=\"ewic-wid-imgs\" src=\"https:\/\/flowtrecs.pl\/strona\/wp-content\/uploads\/2024\/06\/Back-side-Medium.jpg\" \/><p class=\"flex-caption\"><\/p><\/a><\/li><li class=\"ewic-slider\"><a href=\"https:\/\/flowtrecs.pl\/strona\/wp-content\/uploads\/2024\/06\/Data-screen-Medium.webp\"  rel=\"ewicprettyPhoto[11969e736c5279a6]\"><img decoding=\"async\"  class=\"ewic-wid-imgs\" src=\"https:\/\/flowtrecs.pl\/strona\/wp-content\/uploads\/2024\/06\/Data-screen-Medium.webp\" \/><p class=\"flex-caption\"><\/p><\/a><\/li><li class=\"ewic-slider\"><a href=\"https:\/\/flowtrecs.pl\/strona\/wp-content\/uploads\/2024\/06\/Front-x4-Medium.webp\"  rel=\"ewicprettyPhoto[11969e736c5279a6]\"><img decoding=\"async\"  class=\"ewic-wid-imgs\" src=\"https:\/\/flowtrecs.pl\/strona\/wp-content\/uploads\/2024\/06\/Front-x4-Medium.webp\" \/><p class=\"flex-caption\"><\/p><\/a><\/li><li class=\"ewic-slider\"><a href=\"https:\/\/flowtrecs.pl\/strona\/wp-content\/uploads\/2024\/06\/Menu-Medium.webp\"  rel=\"ewicprettyPhoto[11969e736c5279a6]\"><img decoding=\"async\"  class=\"ewic-wid-imgs\" src=\"https:\/\/flowtrecs.pl\/strona\/wp-content\/uploads\/2024\/06\/Menu-Medium.webp\" \/><p class=\"flex-caption\"><\/p><\/a><\/li><li class=\"ewic-slider\"><a href=\"https:\/\/flowtrecs.pl\/strona\/wp-content\/uploads\/2024\/06\/Screen-x4-ENCutout-Medium.webp\"  rel=\"ewicprettyPhoto[11969e736c5279a6]\"><img decoding=\"async\"  class=\"ewic-wid-imgs\" src=\"https:\/\/flowtrecs.pl\/strona\/wp-content\/uploads\/2024\/06\/Screen-x4-ENCutout-Medium.webp\" \/><p class=\"flex-caption\"><\/p><\/a><\/li><\/ul><script type=\"text\/javascript\">\r\n\tjQuery(document).ready(function($) {\r\n\r\n\t\t$(\"#preloader-11969e736c5279a6\").fadeOut(500, function () {\r\n\r\n\t\t\t$(\"#ewic-con-11969e736c5279a6\").addClass(\"ready_to_show\");\r\n\r\n\t\t\t$(\"a[rel^='ewicprettyPhoto[11969e736c5279a6]']\").ewcPhoto({\r\n\t\t\t\ttheme: \"ewc_default\",\r\n\t\t\t\tallow_expand: false,\r\n\t\t\t\tdeeplinking: false,\r\n\t\t\t\tslideshow:5000,\r\n\t\t\t\tautoplay_slideshow:true,\r\n\t\t\t\tsocial_tools:false\r\n\t\t\t});\r\n\r\n\t\t\t$(\".flexslider-11969e736c5279a6\").fadeIn(300);\r\n\r\n\t\t\t$(\"#ewic-con-11969e736c5279a6\").flexslider({\r\n\t\t\t\tanimation: \"slide\",\r\n\t\t\t\tanimationSpeed: 0,\r\n\t\t\t\tuseCSS: false,\r\n\t\t\t\teasing: \"easeInQuad\",\r\n\t\t\t\tdirection: \"horizontal\",\r\n\t\t\t\tslideshow: true,\r\n\t\t\t\tsmoothHeight: true,\r\n\t\t\t\tpauseOnHover: true,\r\n\t\t\t\tcontrolNav: false,\r\n\t\t\t\tprevText: \"\",\r\n\t\t\t\tnextText: \"\",\r\n\t\t\t\trtl: false,\r\n\t\t\t\tslideshowSpeed: 5000,\r\n\t\t\t\tstart: function(slider){\r\n\t\t\t\t\t$(\"#ewic-con-11969e736c5279a6\").find(\".flex-caption\").hide();\r\n\t\t\t\t\tvar curSlide = slider.find(\"li.flex-active-slide\");\r\n\t\t\t\t\t$(curSlide).find(\".flex-caption\").slideDown();\r\n\t\t\t\t},\r\n\t\t\t\tbefore: function(slider) {\r\n\t\t\t\t\t$(\"#ewic-con-11969e736c5279a6\").find(\".flex-caption\").slideUp();\r\n\t\t\t\t},\r\n\t\t\t\tafter: function(slider) {\r\n\t\t\t\t\tvar curSlide = slider.find(\"li.flex-active-slide\");\r\n\t\t\t\t\t$(curSlide).find(\".flex-caption\").slideDown();\r\n\t\t\t\t}\r\n\r\n\t\t\t});\r\n\r\n\t\t});\r\n\r\n\t});\r\n<\/script><\/div>\r\n<\/p>\t\t\t\t\t\t<\/div>\n\t\t\t\t<\/div>\n\t\t\t\t<div class=\"elementor-element elementor-element-4cb263b elementor-widget elementor-widget-text-editor\" data-id=\"4cb263b\" data-element_type=\"widget\" data-widget_type=\"text-editor.default\">\n\t\t\t\t<div class=\"elementor-widget-container\">\n\t\t\t\t\t\t\t<ul><li><h5><strong>4,3&#8243; Touchscreen mit hoher Helligkeit<\/strong><\/h5><\/li><li><h5><strong>Wasserdichtheit IP68<\/strong><\/h5><\/li><li><h5><strong>Unterst\u00fctzt bis zu 4 Sensoren<\/strong><\/h5><\/li><li><h5><strong>Sensor aus Aluminium<\/strong><\/h5><\/li><\/ul>\t\t\t\t\t\t<\/div>\n\t\t\t\t<\/div>\n\t\t\t\t\t<\/div>\n\t\t\t\t<\/div>\n\t\t<div class=\"elementor-element elementor-element-f875d56 e-flex e-con-boxed e-con e-parent\" data-id=\"f875d56\" data-element_type=\"container\">\n\t\t\t\t\t<div class=\"e-con-inner\">\n\t\t\t\t<div class=\"elementor-element elementor-element-1e2e8d7 elementor-widget elementor-widget-text-editor\" data-id=\"1e2e8d7\" data-element_type=\"widget\" data-widget_type=\"text-editor.default\">\n\t\t\t\t<div class=\"elementor-widget-container\">\n\t\t\t\t\t\t\t<h4><strong>Elektronisches Kraftstoffverbrauchsmesssystem&nbsp;<\/strong><\/h4>\n<p>Flowtrecs Wave ist ein Messger\u00e4t, das die wichtigsten Betriebsparameter f\u00fcr Land-, Wasser- und Luftfahrzeuge mit Benzin- oder Dieselmotoren anzeigt. Die Anwendungsbereiche sind breit gef\u00e4chert und umfassen u.a. Motorboote, Yachten, Leichtflugzeuge, Paragleiter, Motorr\u00e4der, Stromaggregate, \u00d6lbrenner etc. Die angezeigten Parameter lassen sich in zwei Gruppen unterteilen: aktuelle Werte wie Kraftstoffverbrauch, Kraftstoffeffizienz, Motordrehzahl, Geschwindigkeit und Batteriespannung sowie statistische Daten wie durchschnittlicher Kraftstoffverbrauch und Durchschnittsgeschwindigkeit. Zus\u00e4tzliche Funktionen wie Ankeralarm und MOB (\u201eMann \u00fcber Bord\u201c) sind ebenfalls verf\u00fcgbar. Das Ger\u00e4t ist in verschiedenen Konfigurationen erh\u00e4ltlich und kann f\u00fcr die meisten Anwendungen, sowohl f\u00fcr einen als auch f\u00fcr zwei Motoren sowie Dieselmotoren mit Leistungen von 20 bis 500 PS, eingesetzt werden. Ausgestattet mit einem hellen, aus Glas gefertigten Touchscreen bietet es hervorragende Lesbarkeit bei Sonnenlicht und langlebige, pr\u00e4zise Sensorsysteme aus Aluminiumlegierungen mit Saphirlager-Rotoren. Das Geh\u00e4use ist vollst\u00e4ndig wasserdicht (IP68) und erm\u00f6glicht den Einsatz unter nahezu allen Wetterbedingungen.<\/p>\n<p><strong>Verf\u00fcgbare Funktionen:<\/strong><\/p>\n<p>1. Kraftstoffverbrauch in l\/h<br>\n2. Gesamter Kraftstoffverbrauch<br>\n3. Kraftstoffverbrauchsanzeiger (Anzahl km pro 1 l Kraftstoff)<br>\n4. Kraftstoffmenge (im Tank verbleibend)<br>\n5. Reichweite in km<br>\n6. Geschwindigkeit<br>\n7. Spannung<br>\n8. Drehzahlmesser<br>\n9. Zeit<br>\n10. Entfernung<br>\n11. MOB \u2013 \u201eMann \u00fcber Bord\u201c (speichert aktuelle Position)<br>\n12. Auswahl der Einheiten km\/h,l  Knoten,l  Knoten,gal UK  Knoten,gal US<br>\n13. Betriebsstundenz\u00e4hler<br>\n14. Statistische Daten: durchschnittlicher Kraftstoffverbrauch, Durchschnittsgeschwindigkeit etc.<br>\n15. Helligkeitsregelung des Bildschirms<\/p>\n<p><strong>Technische Daten<\/strong><\/p>\n<p>1. Versorgungsspannung: 12-16 VDC<br>\n2. Stromverbrauch: 800 mA<br>\n3. Messbereich Durchfluss: 0,5-200 l\/h<br>\n4. Messfehler Kraftstoff: &lt; 5 %<br>\n5. Anschlussdurchmesser Kraftstoff (3\/8&#8243; f\u00fcr S,M) (7\/16&#8243; f\u00fcr L,XL,XXL,3XL)<br>\n6. Betriebstemperaturbereich: 0-45 \u00b0C<\/p>\n<p><strong>Lieferumfang:<\/strong><\/p>\n<p>1. 4,3&#8243; Touchscreen LCD<br>\n2. Durchflusssensor FS-40<br>\n3. Sensorkabel-Display 5m<br>\n4. Bedienungsanleitung<br>\n5. Kabelbinder<\/p>\n<p><span style=\"color: #ff0000;\"><strong>WICHTIGE INFORMATIONEN (DIESELMOTOREN)<\/strong><\/span><\/p>\n<p>Bei Dieselmotoren (mit R\u00fcckfluss) erfordert die Sensorauswahl bestimmte Ma\u00dfnahmen des Benutzers. Sie m\u00fcssen uns die F\u00f6rderleistung Ihrer Kraftstoffpumpe mitteilen. Der Kraftstoffverbrauch ist oft viel niedriger als die Kraftstoffmenge, die durch den Sensor flie\u00dft. Die beste L\u00f6sung ist die Messung des maximalen R\u00fcckflusses in den Tank (\u00dcberschusskraftstoff). Beispiel: Motoren mit einem Verbrauch von 50 l\/h pumpen 100 l\/h in den Tank. In diesem Fall wird ein Sensor f\u00fcr 150 l\/h ben\u00f6tigt (nicht 50 l\/h).<\/p>\n<p>Drehzahlanzeigen k\u00f6nnen den Einbau eines zus\u00e4tzlichen Hallsensors erfordern, der nicht enthalten ist. Abh\u00e4ngig vom Zustand Ihrer Kraftstoffpumpen und Einspritzd\u00fcsen k\u00f6nnen zus\u00e4tzliche Komponenten wie ein R\u00fcckschlagventil und D\u00e4mpfer notwendig sein, die separat erh\u00e4ltlich sind.<\/p>\n<h3><strong>Verf\u00fcgbare Versionen:<\/strong><\/h3>\n<ul>\n<li><strong>SINGLE \u2013 1 Sensor f\u00fcr 1 Benzinmotor<\/strong><\/li>\n<li><strong>DUO \u2013 2 Sensoren f\u00fcr 2 Benzinmotoren<\/strong><\/li>\n<li><strong>DIESEL \u2013 2 Sensoren f\u00fcr 1 Dieselmotor (mit R\u00fcckfluss)<\/strong><\/li>\n<li><strong>DUO DIESEL \u2013 4 Sensoren f\u00fcr 2 Dieselmotoren (mit R\u00fcckfluss)<\/strong><\/li>\n<\/ul>\n<p><strong>Hinweis \u2013 das Produkt ist in mehreren Versionen erh\u00e4ltlich, die sich in der Sensorg\u00f6\u00dfe unterscheiden:<\/strong><\/p>\n<p>S f\u00fcr Motoren 20 &#8211; 60 PS (0,5 &#8211; 20 l\/h) (Innendurchmesser 1,2 mm)<\/p>\n<p>M f\u00fcr Motoren 60 &#8211; 130 PS (1 &#8211; 40 l\/h) (Innendurchmesser 2 mm)<\/p>\n<p>L f\u00fcr Motoren 130 &#8211; 250 PS (1,5 &#8211; 90 l\/h) (Innendurchmesser 3 mm)<\/p>\n<p>XL f\u00fcr Motoren 250 &#8211; 350 PS (2 &#8211; 120 l\/h) (Innendurchmesser 4 mm)<\/p>\n<p>XXL f\u00fcr Motoren 300 &#8211; 350 PS (3 &#8211; 180 l\/h) (Innendurchmesser 4,5 mm)<\/p>\n<p>3XL f\u00fcr Motoren 350 PS und mehr (5 &#8211; 300 l\/h) (Innendurchmesser 6 mm)<\/p>\n<p><strong>Erm\u00f6glicht erhebliche Einsparungen beim Kraftstoff!<\/strong><\/p>\t\t\t\t\t\t<\/div>\n\t\t\t\t<\/div>\n\t\t\t\t\t<\/div>\n\t\t\t\t<\/div>\n\t\t\t\t<\/div>\n\t\t","protected":false},"excerpt":{"rendered":"<p>4,3&#8243; Touchscreen mit hoher Helligkeit Wasserdichtheit IP68 Unterst\u00fctzt bis zu 4 Sensoren Sensor aus Aluminium Elektronisches Kraftstoffverbrauchsmesssystem&nbsp; Flowtrecs Wave ist ein Messger\u00e4t, das die wichtigsten Betriebsparameter f\u00fcr Land-, Wasser- und Luftfahrzeuge mit Benzin- oder Dieselmotoren anzeigt. Die Anwendungsbereiche sind breit gef\u00e4chert und umfassen u.a. Motorboote, Yachten, Leichtflugzeuge, Paragleiter, Motorr\u00e4der, Stromaggregate, \u00d6lbrenner etc. Die angezeigten Parameter [&hellip;]<\/p>\n","protected":false},"author":1,"featured_media":0,"parent":0,"menu_order":0,"comment_status":"closed","ping_status":"closed","template":"","meta":{"footnotes":""},"_links":{"self":[{"href":"https:\/\/flowtrecs.pl\/strona\/index.php?rest_route=\/wp\/v2\/pages\/353"}],"collection":[{"href":"https:\/\/flowtrecs.pl\/strona\/index.php?rest_route=\/wp\/v2\/pages"}],"about":[{"href":"https:\/\/flowtrecs.pl\/strona\/index.php?rest_route=\/wp\/v2\/types\/page"}],"author":[{"embeddable":true,"href":"https:\/\/flowtrecs.pl\/strona\/index.php?rest_route=\/wp\/v2\/users\/1"}],"replies":[{"embeddable":true,"href":"https:\/\/flowtrecs.pl\/strona\/index.php?rest_route=%2Fwp%2Fv2%2Fcomments&post=353"}],"version-history":[{"count":4,"href":"https:\/\/flowtrecs.pl\/strona\/index.php?rest_route=\/wp\/v2\/pages\/353\/revisions"}],"predecessor-version":[{"id":403,"href":"https:\/\/flowtrecs.pl\/strona\/index.php?rest_route=\/wp\/v2\/pages\/353\/revisions\/403"}],"wp:attachment":[{"href":"https:\/\/flowtrecs.pl\/strona\/index.php?rest_route=%2Fwp%2Fv2%2Fmedia&parent=353"}],"curies":[{"name":"wp","href":"https:\/\/api.w.org\/{rel}","templated":true}]}}